{"id":105,"date":"2025-02-24T00:07:03","date_gmt":"2025-02-23T23:07:03","guid":{"rendered":"https:\/\/amidzeline46.wordpress.com\/?page_id=105"},"modified":"2025-09-28T23:45:43","modified_gmt":"2025-09-28T21:45:43","slug":"a-propos","status":"publish","type":"page","link":"https:\/\/webzeline.fr\/index.php\/a-propos\/","title":{"rendered":"Qui suis-je ?"},"content":{"rendered":"\n<div class=\"wp-block-uagb-container uagb-block-2c9de005 alignfull uagb-is-root-container\"><div class=\"uagb-container-inner-blocks-wrap\">\n<div class=\"wp-block-uagb-separator uagb-block-2f84bb3a wp-block-uagb-separator--icon\"><div class=\"wp-block-uagb-separator__inner\" style=\"--my-background-image:\"><div class=\"wp-block-uagb-separator-element\"><svg xmlns=\"https:\/\/www.w3.org\/2000\/svg\" viewBox=\"0 0 576 512\"><path d=\"M381.2 150.3L524.9 171.5C536.8 173.2 546.8 181.6 550.6 193.1C554.4 204.7 551.3 217.3 542.7 225.9L438.5 328.1L463.1 474.7C465.1 486.7 460.2 498.9 450.2 506C440.3 513.1 427.2 514 416.5 508.3L288.1 439.8L159.8 508.3C149 514 135.9 513.1 126 506C116.1 498.9 111.1 486.7 113.2 474.7L137.8 328.1L33.58 225.9C24.97 217.3 21.91 204.7 25.69 193.1C29.46 181.6 39.43 173.2 51.42 171.5L195 150.3L259.4 17.97C264.7 6.954 275.9-.0391 288.1-.0391C300.4-.0391 311.6 6.954 316.9 17.97L381.2 150.3z\"><\/path><\/svg><\/div><\/div><\/div>\n\n\n\n<div class=\"wp-block-uagb-advanced-heading uagb-block-63b636ba\"><h2 class=\"uagb-heading-text\">Qui suis-je ?<\/h2><\/div>\n<\/div><\/div>\n\n\n\n<div class=\"wp-block-uagb-container uagb-block-5d08c361 alignfull uagb-is-root-container\"><div class=\"uagb-container-inner-blocks-wrap\">\n<div class=\"wp-block-uagb-container uagb-block-a12fc579\">\n<div class=\"wp-block-uagb-image uagb-block-7d3a040d wp-block-uagb-image--layout-default wp-block-uagb-image--effect-static wp-block-uagb-image--align-none\"><figure class=\"wp-block-uagb-image__figure\"><img loading=\"lazy\" decoding=\"async\" srcset=\"https:\/\/webzeline.fr\/wp-content\/uploads\/2025\/08\/20250430_181209-1024x768.webp ,https:\/\/webzeline.fr\/wp-content\/uploads\/2025\/08\/20250430_181209-scaled.webp 780w, https:\/\/webzeline.fr\/wp-content\/uploads\/2025\/08\/20250430_181209-scaled.webp 360w\" sizes=\"auto, (max-width: 480px) 150px\" src=\"https:\/\/webzeline.fr\/wp-content\/uploads\/2025\/08\/20250430_181209-1024x768.webp\" alt=\"Photo l'Elodie au ch\u00e2teau de Durianne\" class=\"uag-image-483\" width=\"1024\" height=\"768\" title=\"20250430_181209\" loading=\"lazy\" role=\"img\"\/><\/figure><\/div>\n<\/div>\n\n\n\n<div class=\"wp-block-uagb-container uagb-block-d4c79911\">\n<p>Je m\u2019appelle Elodie DESTREZ, je suis n\u00e9e en r\u00e9gion parisienne, et j\u2019ai depuis toujours le go\u00fbt de la d\u00e9couverte, de l\u2019apprentissage et du partage. Install\u00e9e aujourd\u2019hui dans le Lot, je souhaite apporter un service de proximit\u00e9, \u00e0 la fois humain, pratique et adapt\u00e9 aux besoins de chacun.<\/p>\n<\/div>\n<\/div><\/div>\n\n\n\n<p>Mon parcours professionnel m\u2019a men\u00e9e dans plusieurs domaines : d\u2019abord comme&nbsp;<strong>technicienne micro &amp; r\u00e9seaux<\/strong>, puis comme&nbsp;<strong>A<\/strong><strong>dministratrice Syst\u00e8me &amp; R\u00e9seau<\/strong>. Ces exp\u00e9riences m\u2019ont permis d\u2019acqu\u00e9rir une solide ma\u00eetrise des outils num\u00e9riques et de la r\u00e9solution de probl\u00e8mes techniques, mais aussi une grande capacit\u00e9 d\u2019\u00e9coute et d\u2019adaptation aupr\u00e8s des utilisateurs.<\/p>\n\n\n\n<p>J\u2019ai \u00e9galement travaill\u00e9 dans le domaine&nbsp;<strong>administratif<\/strong>&nbsp;au sein de collectivit\u00e9s locales telles que le&nbsp;<strong>D\u00e9partement du Lot<\/strong>&nbsp;et la&nbsp;<strong>FDEL du Lot<\/strong>, ce qui a enrichi mes comp\u00e9tences en gestion organisationnelle, en suivi rigoureux et en relation avec le public.<\/p>\n\n\n\n<p>Aujourd\u2019hui, j\u2019ai choisi de mettre \u00e0 profit cette double exp\u00e9rience technique et administrative pour accompagner les personnes dans leur quotidien num\u00e9rique.<\/p>\n\n\n\n<p>Mon approche repose sur la&nbsp;<strong>bienveillance, la patience et la p\u00e9dagogie<\/strong>&nbsp;: je crois qu\u2019apprendre ne doit jamais \u00eatre une source de stress, mais au contraire un moyen de gagner en autonomie et en confiance.<\/p>\n\n\n\n<div class=\"wp-block-uagb-container uagb-block-a2a7a1cc alignfull uagb-is-root-container\"><div class=\"uagb-container-inner-blocks-wrap\">\n<div class=\"wp-block-uagb-container uagb-block-bbcc14e9\">\n<div class=\"wp-block-uagb-advanced-heading uagb-block-c11e4436\"><h3 class=\"uagb-heading-text\">Ce qui me d\u00e9finit ?<\/h3><\/div>\n\n\n\n<p>La patience, l\u2019\u00e9coute et l\u2019envie de rendre l\u2019informatique simple, claire et accessible \u00e0 tous.<\/p>\n\n\n\n<p>Spontan\u00e9e, joviale et sensible, j\u2019aime allier humour, g\u00e9n\u00e9rosit\u00e9 et souci du d\u00e9tail. Toujours positive et souriante, m\u00eame face aux petits d\u00e9fis du quotidien, je prends plaisir \u00e0 aider, \u00e0 rendre service et \u00e0 mettre mes comp\u00e9tences au profit des autres.<\/p>\n<\/div>\n\n\n\n<div class=\"wp-block-uagb-container uagb-block-35853fca\">\n<div class=\"wp-block-uagb-image uagb-block-afa1e3ac wp-block-uagb-image--layout-default wp-block-uagb-image--effect-static wp-block-uagb-image--align-none\"><figure class=\"wp-block-uagb-image__figure\"><img loading=\"lazy\" decoding=\"async\" srcset=\"https:\/\/webzeline.fr\/wp-content\/uploads\/2025\/08\/20240525_150003-768x1024.jpg ,https:\/\/webzeline.fr\/wp-content\/uploads\/2025\/08\/20240525_150003-scaled.jpg 780w, https:\/\/webzeline.fr\/wp-content\/uploads\/2025\/08\/20240525_150003-scaled.jpg 360w\" sizes=\"auto, (max-width: 480px) 150px\" src=\"https:\/\/webzeline.fr\/wp-content\/uploads\/2025\/08\/20240525_150003-768x1024.jpg\" alt=\"moi en turban\" class=\"uag-image-485\" width=\"768\" height=\"1024\" title=\"20240525_150003\" loading=\"lazy\" role=\"img\"\/><\/figure><\/div>\n<\/div>\n\n\n\n<div class=\"wp-block-uagb-advanced-heading uagb-block-ac3c3530\"><h3 class=\"uagb-heading-text\">Progresser sans cesse !<\/h3><\/div>\n\n\n\n<p>Guid\u00e9e par l\u2019envie d\u2019apprendre, je consid\u00e8re chaque \u00e9tape de mon parcours comme une occasion de grandir. Mon exp\u00e9rience technique et administrative, ma d\u00e9marche de VAE et mon projet de micro-entreprise traduisent cette volont\u00e9 d\u2019aller de l\u2019avant. Avancer, \u00e9voluer et transmettre : c\u2019est ce qui nourrit ma curiosit\u00e9 et ma d\u00e9termination au quotidien.<\/p>\n\n\n\n<div class=\"wp-block-uagb-container uagb-block-5be2b6df\">\n<div class=\"wp-block-uagb-image uagb-block-ddedb4f0 wp-block-uagb-image--layout-default wp-block-uagb-image--effect-static wp-block-uagb-image--align-none\"><figure class=\"wp-block-uagb-image__figure\"><img loading=\"lazy\" decoding=\"async\" srcset=\"https:\/\/webzeline.fr\/wp-content\/uploads\/2025\/08\/IMG-20240415-WA0003-576x1024.webp ,https:\/\/webzeline.fr\/wp-content\/uploads\/2025\/08\/IMG-20240415-WA0003-scaled.webp 780w, https:\/\/webzeline.fr\/wp-content\/uploads\/2025\/08\/IMG-20240415-WA0003-scaled.webp 360w\" sizes=\"auto, (max-width: 480px) 150px\" src=\"https:\/\/webzeline.fr\/wp-content\/uploads\/2025\/08\/IMG-20240415-WA0003-576x1024.webp\" alt=\"Photo d'Elodie en mode professionnelle\" class=\"uag-image-484\" width=\"576\" height=\"1024\" title=\"IMG-20240415-WA0003\" loading=\"lazy\" role=\"img\"\/><\/figure><\/div>\n<\/div>\n\n\n\n<div class=\"wp-block-uagb-container uagb-block-e2d26d6f\">\n<div class=\"wp-block-uagb-advanced-heading uagb-block-7c17fba4\"><h3 class=\"uagb-heading-text\">Ce qui me motive aujourd\u2019hui ?<\/h3><\/div>\n\n\n\n<p>Ce qui me motive avant tout, c\u2019est de donner du sens \u00e0 ce que je fais. L\u2019humain est au c\u0153ur de mon projet : \u00eatre proche de mes clients, cr\u00e9er une relation de confiance et partager des moments simples. Ma plus belle r\u00e9compense, c\u2019est de voir la satisfaction et le sourire des personnes que j\u2019accompagne apr\u00e8s mon intervention.<\/p>\n<\/div>\n<\/div><\/div>\n\n\n\n<div class=\"wp-block-uagb-buttons uagb-buttons__outer-wrap uagb-btn__default-btn uagb-btn-tablet__default-btn uagb-btn-mobile__default-btn uagb-block-465c6175\"><div class=\"uagb-buttons__wrap uagb-buttons-layout-wrap \">\n<div class=\"wp-block-uagb-buttons-child uagb-buttons__outer-wrap uagb-block-4f411436 wp-block-button\"><div class=\"uagb-button__wrapper\"><a class=\"uagb-buttons-repeater wp-block-button__link\" aria-label=\"\" href=\"https:\/\/webzeline.fr\/index.php\/contact\/\" rel=\"follow noopener\" target=\"_self\" role=\"button\"><div class=\"uagb-button__link\">Me contacter<\/div><\/a><\/div><\/div>\n<\/div><\/div>\n\n\n\n<p><\/p>\n","protected":false},"excerpt":{"rendered":"<p>Qui suis-je ? Je m\u2019appelle Elodie DESTREZ, je suis n\u00e9e en r\u00e9gion parisienne, et j\u2019ai depuis toujours le go\u00fbt de la d\u00e9couverte, de l\u2019apprentissage et du partage. Install\u00e9e aujourd\u2019hui dans le Lot, je souhaite apporter un service de proximit\u00e9, \u00e0 la fois humain, pratique et adapt\u00e9 aux besoins de chacun. Mon parcours professionnel m\u2019a men\u00e9e [&hellip;]<\/p>\n","protected":false},"author":1,"featured_media":0,"parent":0,"menu_order":0,"comment_status":"closed","ping_status":"closed","template":"","meta":{"_uag_custom_page_level_css":"","site-sidebar-layout":"default","site-content-layout":"","ast-site-content-layout":"default","site-content-style":"default","site-sidebar-style":"default","ast-global-header-display":"","ast-banner-title-visibility":"","ast-main-header-display":"","ast-hfb-above-header-display":"","ast-hfb-below-header-display":"","ast-hfb-mobile-header-display":"","site-post-title":"disabled","ast-breadcrumbs-content":"","ast-featured-img":"","footer-sml-layout":"","ast-disable-related-posts":"","theme-transparent-header-meta":"default","adv-header-id-meta":"","stick-header-meta":"","header-above-stick-meta":"","header-main-stick-meta":"","header-below-stick-meta":"","astra-migrate-meta-layouts":"set","ast-page-background-enabled":"default","ast-page-background-meta":{"desktop":{"background-color":"var(--ast-global-color-5)","background-image":"","background-repeat":"repeat","background-position":"center center","background-size":"auto","background-attachment":"scroll","background-type":"","background-media":"","overlay-type":"","overlay-color":"","overlay-opacity":"","overlay-gradient":""},"tablet":{"background-color":"","background-image":"","background-repeat":"repeat","background-position":"center center","background-size":"auto","background-attachment":"scroll","background-type":"","background-media":"","overlay-type":"","overlay-color":"","overlay-opacity":"","overlay-gradient":""},"mobile":{"background-color":"","background-image":"","background-repeat":"repeat","background-position":"center center","background-size":"auto","background-attachment":"scroll","background-type":"","background-media":"","overlay-type":"","overlay-color":"","overlay-opacity":"","overlay-gradient":""}},"ast-content-background-meta":{"desktop":{"background-color":"var(--ast-global-color-4)","background-image":"","background-repeat":"repeat","background-position":"center center","background-size":"auto","background-attachment":"scroll","background-type":"","background-media":"","overlay-type":"","overlay-color":"","overlay-opacity":"","overlay-gradient":""},"tablet":{"background-color":"var(--ast-global-color-4)","background-image":"","background-repeat":"repeat","background-position":"center center","background-size":"auto","background-attachment":"scroll","background-type":"","background-media":"","overlay-type":"","overlay-color":"","overlay-opacity":"","overlay-gradient":""},"mobile":{"background-color":"var(--ast-global-color-4)","background-image":"","background-repeat":"repeat","background-position":"center center","background-size":"auto","background-attachment":"scroll","background-type":"","background-media":"","overlay-type":"","overlay-color":"","overlay-opacity":"","overlay-gradient":""}},"_glsr_average":0,"_glsr_ranking":0,"_glsr_reviews":0,"footnotes":""},"class_list":["post-105","page","type-page","status-publish","hentry"],"yoast_head":"<!-- This site is optimized with the Yoast SEO plugin v26.8 - https:\/\/yoast.com\/product\/yoast-seo-wordpress\/ -->\n<title>Qui suis-je ? - La cabane WebZeline<\/title>\n<meta name=\"robots\" content=\"index, follow, max-snippet:-1, max-image-preview:large, max-video-preview:-1\" \/>\n<link rel=\"canonical\" href=\"https:\/\/webzeline.fr\/index.php\/a-propos\/\" \/>\n<meta property=\"og:locale\" content=\"fr_FR\" \/>\n<meta property=\"og:type\" content=\"article\" \/>\n<meta property=\"og:title\" content=\"Qui suis-je ? - La cabane WebZeline\" \/>\n<meta property=\"og:description\" content=\"Qui suis-je ? Je m\u2019appelle Elodie DESTREZ, je suis n\u00e9e en r\u00e9gion parisienne, et j\u2019ai depuis toujours le go\u00fbt de la d\u00e9couverte, de l\u2019apprentissage et du partage. Install\u00e9e aujourd\u2019hui dans le Lot, je souhaite apporter un service de proximit\u00e9, \u00e0 la fois humain, pratique et adapt\u00e9 aux besoins de chacun. Mon parcours professionnel m\u2019a men\u00e9e [&hellip;]\" \/>\n<meta property=\"og:url\" content=\"https:\/\/webzeline.fr\/index.php\/a-propos\/\" \/>\n<meta property=\"og:site_name\" content=\"La cabane WebZeline\" \/>\n<meta property=\"article:publisher\" content=\"https:\/\/www.facebook.com\/profile.php?id=61580197792634\" \/>\n<meta property=\"article:modified_time\" content=\"2025-09-28T21:45:43+00:00\" \/>\n<meta property=\"og:image\" content=\"https:\/\/webzeline.fr\/wp-content\/uploads\/2025\/08\/20250430_181209-1024x768.webp\" \/>\n<meta name=\"twitter:card\" content=\"summary_large_image\" \/>\n<meta name=\"twitter:label1\" content=\"Dur\u00e9e de lecture estim\u00e9e\" \/>\n\t<meta name=\"twitter:data1\" content=\"3 minutes\" \/>\n<script type=\"application\/ld+json\" class=\"yoast-schema-graph\">{\"@context\":\"https:\/\/schema.org\",\"@graph\":[{\"@type\":\"WebPage\",\"@id\":\"https:\/\/webzeline.fr\/index.php\/a-propos\/\",\"url\":\"https:\/\/webzeline.fr\/index.php\/a-propos\/\",\"name\":\"Qui suis-je ? - La cabane WebZeline\",\"isPartOf\":{\"@id\":\"https:\/\/webzeline.fr\/#website\"},\"primaryImageOfPage\":{\"@id\":\"https:\/\/webzeline.fr\/index.php\/a-propos\/#primaryimage\"},\"image\":{\"@id\":\"https:\/\/webzeline.fr\/index.php\/a-propos\/#primaryimage\"},\"thumbnailUrl\":\"https:\/\/webzeline.fr\/wp-content\/uploads\/2025\/08\/20250430_181209-1024x768.webp\",\"datePublished\":\"2025-02-23T23:07:03+00:00\",\"dateModified\":\"2025-09-28T21:45:43+00:00\",\"breadcrumb\":{\"@id\":\"https:\/\/webzeline.fr\/index.php\/a-propos\/#breadcrumb\"},\"inLanguage\":\"fr-FR\",\"potentialAction\":[{\"@type\":\"ReadAction\",\"target\":[\"https:\/\/webzeline.fr\/index.php\/a-propos\/\"]}]},{\"@type\":\"ImageObject\",\"inLanguage\":\"fr-FR\",\"@id\":\"https:\/\/webzeline.fr\/index.php\/a-propos\/#primaryimage\",\"url\":\"https:\/\/webzeline.fr\/wp-content\/uploads\/2025\/08\/20250430_181209-1024x768.webp\",\"contentUrl\":\"https:\/\/webzeline.fr\/wp-content\/uploads\/2025\/08\/20250430_181209-1024x768.webp\"},{\"@type\":\"BreadcrumbList\",\"@id\":\"https:\/\/webzeline.fr\/index.php\/a-propos\/#breadcrumb\",\"itemListElement\":[{\"@type\":\"ListItem\",\"position\":1,\"name\":\"Accueil\",\"item\":\"https:\/\/webzeline.fr\/\"},{\"@type\":\"ListItem\",\"position\":2,\"name\":\"Qui suis-je ?\"}]},{\"@type\":\"WebSite\",\"@id\":\"https:\/\/webzeline.fr\/#website\",\"url\":\"https:\/\/webzeline.fr\/\",\"name\":\"La cabane d'AmidZeline\",\"description\":\"Aide et conseil informatique, chez vous et \u00e0 distance !\",\"publisher\":{\"@id\":\"https:\/\/webzeline.fr\/#organization\"},\"alternateName\":\"webzeline\",\"potentialAction\":[{\"@type\":\"SearchAction\",\"target\":{\"@type\":\"EntryPoint\",\"urlTemplate\":\"https:\/\/webzeline.fr\/?s={search_term_string}\"},\"query-input\":{\"@type\":\"PropertyValueSpecification\",\"valueRequired\":true,\"valueName\":\"search_term_string\"}}],\"inLanguage\":\"fr-FR\"},{\"@type\":\"Organization\",\"@id\":\"https:\/\/webzeline.fr\/#organization\",\"name\":\"La cabane d'AmidZeline\",\"alternateName\":\"Webzeline\",\"url\":\"https:\/\/webzeline.fr\/\",\"logo\":{\"@type\":\"ImageObject\",\"inLanguage\":\"fr-FR\",\"@id\":\"https:\/\/webzeline.fr\/#\/schema\/logo\/image\/\",\"url\":\"https:\/\/webzeline.fr\/wp-content\/uploads\/2025\/10\/cropped-2-2.png\",\"contentUrl\":\"https:\/\/webzeline.fr\/wp-content\/uploads\/2025\/10\/cropped-2-2.png\",\"width\":493,\"height\":370,\"caption\":\"La cabane d'AmidZeline\"},\"image\":{\"@id\":\"https:\/\/webzeline.fr\/#\/schema\/logo\/image\/\"},\"sameAs\":[\"https:\/\/www.facebook.com\/profile.php?id=61580197792634\",\"https:\/\/www.linkedin.com\/in\/elodie-destrez-a30b1156\/\",\"https:\/\/www.instagram.com\/amidzeline\/\"]}]}<\/script>\n<!-- \/ Yoast SEO plugin. -->","yoast_head_json":{"title":"Qui suis-je ? - La cabane WebZeline","robots":{"index":"index","follow":"follow","max-snippet":"max-snippet:-1","max-image-preview":"max-image-preview:large","max-video-preview":"max-video-preview:-1"},"canonical":"https:\/\/webzeline.fr\/index.php\/a-propos\/","og_locale":"fr_FR","og_type":"article","og_title":"Qui suis-je ? - La cabane WebZeline","og_description":"Qui suis-je ? Je m\u2019appelle Elodie DESTREZ, je suis n\u00e9e en r\u00e9gion parisienne, et j\u2019ai depuis toujours le go\u00fbt de la d\u00e9couverte, de l\u2019apprentissage et du partage. Install\u00e9e aujourd\u2019hui dans le Lot, je souhaite apporter un service de proximit\u00e9, \u00e0 la fois humain, pratique et adapt\u00e9 aux besoins de chacun. Mon parcours professionnel m\u2019a men\u00e9e [&hellip;]","og_url":"https:\/\/webzeline.fr\/index.php\/a-propos\/","og_site_name":"La cabane WebZeline","article_publisher":"https:\/\/www.facebook.com\/profile.php?id=61580197792634","article_modified_time":"2025-09-28T21:45:43+00:00","og_image":[{"url":"https:\/\/webzeline.fr\/wp-content\/uploads\/2025\/08\/20250430_181209-1024x768.webp","type":"","width":"","height":""}],"twitter_card":"summary_large_image","twitter_misc":{"Dur\u00e9e de lecture estim\u00e9e":"3 minutes"},"schema":{"@context":"https:\/\/schema.org","@graph":[{"@type":"WebPage","@id":"https:\/\/webzeline.fr\/index.php\/a-propos\/","url":"https:\/\/webzeline.fr\/index.php\/a-propos\/","name":"Qui suis-je ? - La cabane WebZeline","isPartOf":{"@id":"https:\/\/webzeline.fr\/#website"},"primaryImageOfPage":{"@id":"https:\/\/webzeline.fr\/index.php\/a-propos\/#primaryimage"},"image":{"@id":"https:\/\/webzeline.fr\/index.php\/a-propos\/#primaryimage"},"thumbnailUrl":"https:\/\/webzeline.fr\/wp-content\/uploads\/2025\/08\/20250430_181209-1024x768.webp","datePublished":"2025-02-23T23:07:03+00:00","dateModified":"2025-09-28T21:45:43+00:00","breadcrumb":{"@id":"https:\/\/webzeline.fr\/index.php\/a-propos\/#breadcrumb"},"inLanguage":"fr-FR","potentialAction":[{"@type":"ReadAction","target":["https:\/\/webzeline.fr\/index.php\/a-propos\/"]}]},{"@type":"ImageObject","inLanguage":"fr-FR","@id":"https:\/\/webzeline.fr\/index.php\/a-propos\/#primaryimage","url":"https:\/\/webzeline.fr\/wp-content\/uploads\/2025\/08\/20250430_181209-1024x768.webp","contentUrl":"https:\/\/webzeline.fr\/wp-content\/uploads\/2025\/08\/20250430_181209-1024x768.webp"},{"@type":"BreadcrumbList","@id":"https:\/\/webzeline.fr\/index.php\/a-propos\/#breadcrumb","itemListElement":[{"@type":"ListItem","position":1,"name":"Accueil","item":"https:\/\/webzeline.fr\/"},{"@type":"ListItem","position":2,"name":"Qui suis-je ?"}]},{"@type":"WebSite","@id":"https:\/\/webzeline.fr\/#website","url":"https:\/\/webzeline.fr\/","name":"La cabane d'AmidZeline","description":"Aide et conseil informatique, chez vous et \u00e0 distance !","publisher":{"@id":"https:\/\/webzeline.fr\/#organization"},"alternateName":"webzeline","potentialAction":[{"@type":"SearchAction","target":{"@type":"EntryPoint","urlTemplate":"https:\/\/webzeline.fr\/?s={search_term_string}"},"query-input":{"@type":"PropertyValueSpecification","valueRequired":true,"valueName":"search_term_string"}}],"inLanguage":"fr-FR"},{"@type":"Organization","@id":"https:\/\/webzeline.fr\/#organization","name":"La cabane d'AmidZeline","alternateName":"Webzeline","url":"https:\/\/webzeline.fr\/","logo":{"@type":"ImageObject","inLanguage":"fr-FR","@id":"https:\/\/webzeline.fr\/#\/schema\/logo\/image\/","url":"https:\/\/webzeline.fr\/wp-content\/uploads\/2025\/10\/cropped-2-2.png","contentUrl":"https:\/\/webzeline.fr\/wp-content\/uploads\/2025\/10\/cropped-2-2.png","width":493,"height":370,"caption":"La cabane d'AmidZeline"},"image":{"@id":"https:\/\/webzeline.fr\/#\/schema\/logo\/image\/"},"sameAs":["https:\/\/www.facebook.com\/profile.php?id=61580197792634","https:\/\/www.linkedin.com\/in\/elodie-destrez-a30b1156\/","https:\/\/www.instagram.com\/amidzeline\/"]}]}},"uagb_featured_image_src":{"full":false,"thumbnail":false,"medium":false,"medium_large":false,"large":false,"1536x1536":false,"2048x2048":false},"uagb_author_info":{"display_name":"admin1802","author_link":"https:\/\/webzeline.fr\/index.php\/author\/admin1802\/"},"uagb_comment_info":0,"uagb_excerpt":"Qui suis-je ? Je m\u2019appelle Elodie DESTREZ, je suis n\u00e9e en r\u00e9gion parisienne, et j\u2019ai depuis toujours le go\u00fbt de la d\u00e9couverte, de l\u2019apprentissage et du partage. Install\u00e9e aujourd\u2019hui dans le Lot, je souhaite apporter un service de proximit\u00e9, \u00e0 la fois humain, pratique et adapt\u00e9 aux besoins de chacun. Mon parcours professionnel m\u2019a men\u00e9e\u2026","_links":{"self":[{"href":"https:\/\/webzeline.fr\/index.php\/wp-json\/wp\/v2\/pages\/105","targetHints":{"allow":["GET"]}}],"collection":[{"href":"https:\/\/webzeline.fr\/index.php\/wp-json\/wp\/v2\/pages"}],"about":[{"href":"https:\/\/webzeline.fr\/index.php\/wp-json\/wp\/v2\/types\/page"}],"author":[{"embeddable":true,"href":"https:\/\/webzeline.fr\/index.php\/wp-json\/wp\/v2\/users\/1"}],"replies":[{"embeddable":true,"href":"https:\/\/webzeline.fr\/index.php\/wp-json\/wp\/v2\/comments?post=105"}],"version-history":[{"count":29,"href":"https:\/\/webzeline.fr\/index.php\/wp-json\/wp\/v2\/pages\/105\/revisions"}],"predecessor-version":[{"id":1101,"href":"https:\/\/webzeline.fr\/index.php\/wp-json\/wp\/v2\/pages\/105\/revisions\/1101"}],"wp:attachment":[{"href":"https:\/\/webzeline.fr\/index.php\/wp-json\/wp\/v2\/media?parent=105"}],"curies":[{"name":"wp","href":"https:\/\/api.w.org\/{rel}","templated":true}]}}