{"id":416,"date":"2025-08-28T23:28:06","date_gmt":"2025-08-28T21:28:06","guid":{"rendered":"https:\/\/webzeline.fr\/?page_id=416"},"modified":"2025-10-25T23:59:20","modified_gmt":"2025-10-25T21:59:20","slug":"micro-formations","status":"publish","type":"page","link":"https:\/\/webzeline.fr\/index.php\/micro-formations\/","title":{"rendered":"Formations &amp; Ateliers"},"content":{"rendered":"\n<div class=\"wp-block-uagb-container uagb-block-17ddfb92 alignfull uagb-is-root-container\"><div class=\"uagb-container-inner-blocks-wrap\">\n<div class=\"wp-block-uagb-separator uagb-block-9a2bbd56 wp-block-uagb-separator--icon\"><div class=\"wp-block-uagb-separator__inner\" style=\"--my-background-image:\"><div class=\"wp-block-uagb-separator-element\"><svg xmlns=\"https:\/\/www.w3.org\/2000\/svg\" viewBox=\"0 0 576 512\"><path d=\"M381.2 150.3L524.9 171.5C536.8 173.2 546.8 181.6 550.6 193.1C554.4 204.7 551.3 217.3 542.7 225.9L438.5 328.1L463.1 474.7C465.1 486.7 460.2 498.9 450.2 506C440.3 513.1 427.2 514 416.5 508.3L288.1 439.8L159.8 508.3C149 514 135.9 513.1 126 506C116.1 498.9 111.1 486.7 113.2 474.7L137.8 328.1L33.58 225.9C24.97 217.3 21.91 204.7 25.69 193.1C29.46 181.6 39.43 173.2 51.42 171.5L195 150.3L259.4 17.97C264.7 6.954 275.9-.0391 288.1-.0391C300.4-.0391 311.6 6.954 316.9 17.97L381.2 150.3z\"><\/path><\/svg><\/div><\/div><\/div>\n\n\n\n<div class=\"wp-block-uagb-advanced-heading uagb-block-928e4e2b\"><h2 class=\"uagb-heading-text\">Formations &amp; Ateliers<\/h2><\/div>\n\n\n\n<p><strong>Chez<\/strong> <strong>La Cabane WebZeline<\/strong>, on part d\u2019un principe simple : <strong>l\u2019informatique, \u00e7a s\u2019apprend<\/strong> mieux quand c\u2019est expliqu\u00e9 tranquillement, <strong>sans jargon<\/strong>, et avec un peu de bonne humeur.<br>Que vous soyez \u201cgrand d\u00e9butant timide\u201d, \u201cexplorateur du num\u00e9rique\u201d ou que vous ayez juste besoin d\u2019un petit coup de pouce, nos formations et ateliers sont faits pour vous.<\/p>\n\n\n\n<p class=\"has-text-align-center\" style=\"font-size:24px\">\ud83d\udca1 Ici, pas de cours magistral ennuyeux : <strong>on apprend ensemble<\/strong>, en douceur, et toujours avec le sourire.<\/p>\n\n\n\n<div class=\"wp-block-uagb-image uagb-block-918c2e5d wp-block-uagb-image--layout-default wp-block-uagb-image--effect-static wp-block-uagb-image--align-none\"><figure class=\"wp-block-uagb-image__figure\"><img loading=\"lazy\" decoding=\"async\" srcset=\"https:\/\/webzeline.fr\/wp-content\/uploads\/2025\/10\/Personnages-1.png ,https:\/\/webzeline.fr\/wp-content\/uploads\/2025\/10\/Personnages-1.png 780w, https:\/\/webzeline.fr\/wp-content\/uploads\/2025\/10\/Personnages-1.png 360w\" sizes=\"auto, (max-width: 480px) 150px\" src=\"https:\/\/webzeline.fr\/wp-content\/uploads\/2025\/10\/Personnages-1.png\" alt=\"AmidZeline en formation\" class=\"uag-image-1416\" width=\"417\" height=\"417\" title=\"Personnages (1)\" loading=\"lazy\" role=\"img\"\/><\/figure><\/div>\n\n\n\n<div class=\"wp-block-uagb-advanced-heading uagb-block-1b4dbe3d\"><h4 class=\"uagb-heading-text\">Quelle diff\u00e9rence entre une formation et un atelier ?<\/h4><\/div>\n\n\n\n<div class=\"wp-block-uagb-slider uagb-block-57411df2 uagb-slider-container\"><div class=\"uagb-slides uagb-swiper\"><div class=\"swiper-wrapper\">\n<div class=\"wp-block-uagb-slider-child uagb-slider-child-wrap swiper-slide uagb-block-c6ea4281\"><div class=\"swiper-content\">\n<div class=\"wp-block-uagb-container uagb-block-90ab3025\">\n<div class=\"wp-block-uagb-info-box uagb-block-82d19af5 uagb-infobox__content-wrap  uagb-infobox-icon-above-title uagb-infobox-image-valign-top\"><div class=\"uagb-ifb-content\"><div class=\"uagb-ifb-title-wrap\"><h3 class=\"uagb-ifb-title\">La formation<\/h3><\/div><p class=\"uagb-ifb-desc\">C\u2019est <strong>du sur-mesure, en t\u00eate-\u00e0-t\u00eate<\/strong> : on se concentre uniquement sur vos besoins (apprendre \u00e0 envoyer un mail, ranger vos photos, s\u00e9curiser votre PC, etc.). <br>Bref, c\u2019est votre moment \u00e0 vous, sans distraction.<\/p><\/div><\/div>\n<\/div>\n<\/div><\/div>\n\n\n\n<div class=\"wp-block-uagb-slider-child uagb-slider-child-wrap swiper-slide uagb-block-b2c88edd\"><div class=\"swiper-content\">\n<div class=\"wp-block-uagb-container uagb-block-689e7803\">\n<div class=\"wp-block-uagb-info-box uagb-block-041ffca3 uagb-infobox__content-wrap  uagb-infobox-icon-above-title uagb-infobox-image-valign-top\"><div class=\"uagb-ifb-content\"><div class=\"uagb-ifb-title-wrap\"><h3 class=\"uagb-ifb-title\">L\u2019atelier<\/h3><\/div><p class=\"uagb-ifb-desc\">C\u2019est <strong>le plaisir d\u2019apprendre \u00e0 plusieurs<\/strong> : en bin\u00f4me, en famille ou entre g\u00e9n\u00e9rations, chacun progresse \u00e0 son rythme tout en partageant un moment convivial. <br>Et puis, avouons le, c\u2019est souvent plus dr\u00f4le de d\u00e9couvrir ensemble les petits myst\u00e8res du num\u00e9rique.<\/p><\/div><\/div>\n<\/div>\n<\/div><\/div>\n<\/div><\/div><div class=\"swiper-pagination\"><\/div><div class=\"swiper-button-prev\"><\/div><div class=\"swiper-button-next\"><\/div><\/div>\n\n\n\n<div class=\"wp-block-uagb-separator uagb-block-c1fcc953 wp-block-uagb-separator--icon\"><div class=\"wp-block-uagb-separator__inner\" style=\"--my-background-image:\"><div class=\"wp-block-uagb-separator-element\"><svg xmlns=\"https:\/\/www.w3.org\/2000\/svg\" viewBox=\"0 0 576 512\"><path d=\"M381.2 150.3L524.9 171.5C536.8 173.2 546.8 181.6 550.6 193.1C554.4 204.7 551.3 217.3 542.7 225.9L438.5 328.1L463.1 474.7C465.1 486.7 460.2 498.9 450.2 506C440.3 513.1 427.2 514 416.5 508.3L288.1 439.8L159.8 508.3C149 514 135.9 513.1 126 506C116.1 498.9 111.1 486.7 113.2 474.7L137.8 328.1L33.58 225.9C24.97 217.3 21.91 204.7 25.69 193.1C29.46 181.6 39.43 173.2 51.42 171.5L195 150.3L259.4 17.97C264.7 6.954 275.9-.0391 288.1-.0391C300.4-.0391 311.6 6.954 316.9 17.97L381.2 150.3z\"><\/path><\/svg><\/div><\/div><\/div>\n\n\n\n<div class=\"wp-block-uagb-advanced-heading uagb-block-4d9ddf15\"><h2 class=\"uagb-heading-text\">Mes prestations<\/h2><\/div>\n\n\n\n<div class=\"wp-block-uagb-container uagb-block-ddde329c alignfull uagb-is-root-container\"><div class=\"uagb-container-inner-blocks-wrap\">\n<div class=\"wp-block-uagb-container uagb-layout-flex uagb-block-2c57879c\">\n<div class=\"wp-block-uagb-advanced-heading uagb-block-cdd744c3\"><h3 class=\"uagb-heading-text\">Formation informatique \u00e0 domicile<\/h3><\/div>\n\n\n\n<p class=\"has-text-align-center\" style=\"margin-top:0;margin-bottom:0;padding-top:0;padding-bottom:0\">Envie de mieux comprendre votre ordinateur, smartphone ou tablette ?<br>De naviguer sur Internet en toute s\u00e9curit\u00e9 ?<br>Nous proposons des s\u00e9ances de 1h30 \u00e0 2h30, personnalis\u00e9es selon vos envies.<\/p>\n\n\n\n<p class=\"has-text-align-center\" style=\"margin-top:0;margin-bottom:0;padding-top:0;padding-bottom:0\">\ud83d\udc49 Possibilit\u00e9 de forfait 4h pour progresser \u00e0 votre rythme, sans stress.<\/p>\n<\/div>\n\n\n\n<div class=\"wp-block-columns is-layout-flex wp-container-core-columns-is-layout-28f84493 wp-block-columns-is-layout-flex\">\n<div class=\"wp-block-column is-layout-flow wp-block-column-is-layout-flow\" style=\"flex-basis:50%\">\n<div class=\"wp-block-uagb-buttons uagb-buttons__outer-wrap uagb-btn__default-btn uagb-btn-tablet__default-btn uagb-btn-mobile__default-btn uagb-block-45329b03\"><div class=\"uagb-buttons__wrap uagb-buttons-layout-wrap \">\n<div class=\"wp-block-uagb-buttons-child uagb-buttons__outer-wrap uagb-block-7dbdd226 wp-block-button\"><div class=\"uagb-button__wrapper\"><a class=\"uagb-buttons-repeater wp-block-button__link\" aria-label=\"\" href=\"https:\/\/webzeline.fr\/index.php\/catalogue-des-formations\/\" rel=\"follow noopener\" target=\"_self\" role=\"button\"><div class=\"uagb-button__link\">Catalogue des formations<\/div><\/a><\/div><\/div>\n<\/div><\/div>\n<\/div>\n\n\n\n<div class=\"wp-block-column is-layout-flow wp-block-column-is-layout-flow\" style=\"flex-basis:50%\">\n<div class=\"wp-block-uagb-buttons uagb-buttons__outer-wrap uagb-btn__default-btn uagb-btn-tablet__default-btn uagb-btn-mobile__default-btn uagb-block-d58af69d\"><div class=\"uagb-buttons__wrap uagb-buttons-layout-wrap \">\n<div class=\"wp-block-uagb-buttons-child uagb-buttons__outer-wrap uagb-block-6f99e617 wp-block-button\" id=\"https:\/\/webzeline.fr\/index.php\/tarifs-formule-Tariformation\"><div class=\"uagb-button__wrapper\"><a class=\"uagb-buttons-repeater wp-block-button__link\" aria-label=\"\" href=\"https:\/\/webzeline.fr\/index.php\/tarifs-formules#Tariformation\" rel=\"follow noopener\" target=\"_self\" role=\"button\"><div class=\"uagb-button__link\">Tarifs formations<\/div><\/a><\/div><\/div>\n<\/div><\/div>\n<\/div>\n<\/div>\n\n\n\n<div class=\"wp-block-uagb-container uagb-layout-flex uagb-block-7aed329b\">\n<div class=\"wp-block-uagb-advanced-heading uagb-block-c8236f74\"><h3 class=\"uagb-heading-text\">Ateliers interg\u00e9n\u00e9rationnels \u00e0 domicile<\/h3><\/div>\n\n\n\n<p class=\"has-text-align-center\" style=\"margin-top:0;margin-bottom:0;padding-top:0;padding-bottom:0\">Un enfant curieux et un grand-parent motiv\u00e9 ? Parfait !<br>Ces ateliers sont pens\u00e9s pour apprendre ensemble, dans la bonne humeur. <br>Dur\u00e9e : 1h30 \u00e0 2h30<br>R\u00e9sultat : tout le monde y gagne (et parfois, c\u2019est le petit-fils qui apprend un truc \u00e0 papy !).<\/p>\n\n\n\n<p class=\"has-text-align-center\" style=\"margin-top:0;margin-bottom:0;padding-top:0;padding-bottom:0\">\ud83d\udc49 Possibilit\u00e9 de forfait 4 ateliers pour avancer  pas \u00e0 pas.<\/p>\n<\/div>\n\n\n\n<div class=\"wp-block-uagb-container uagb-layout-flex uagb-block-488d93ae\">\n<div class=\"wp-block-uagb-advanced-heading uagb-block-9747c032\"><h3 class=\"uagb-heading-text\">Ateliers en bin\u00f4me \u00e0 domicile<\/h3><\/div>\n\n\n\n<p class=\"has-text-align-center\" style=\"margin-top:0;margin-bottom:0;padding-top:0;padding-bottom:0\">Vous \u00eates en couple, entre amis ou voisins et vous voulez progresser ensemble ?<br>Nous organisons des ateliers en bin\u00f4me, de 1h30 \u00e0 2h30, adapt\u00e9s \u00e0 vos besoins communs.<\/p>\n\n\n\n<p class=\"has-text-align-center\" style=\"margin-top:0;margin-bottom:0;padding-top:0;padding-bottom:0\">\ud83d\udc49 Possibilit\u00e9 de forfait 4 ateliers pour avancer main dans la main (ou clavier dans le clavier \ud83d\ude04).<\/p>\n<\/div>\n<\/div><\/div>\n\n\n\n<div class=\"wp-block-uagb-buttons uagb-buttons__outer-wrap uagb-btn__default-btn uagb-btn-tablet__default-btn uagb-btn-mobile__default-btn uagb-block-985be384\"><div class=\"uagb-buttons__wrap uagb-buttons-layout-wrap \">\n<div class=\"wp-block-uagb-buttons-child uagb-buttons__outer-wrap uagb-block-e3b95894 wp-block-button\"><div class=\"uagb-button__wrapper\"><a class=\"uagb-buttons-repeater wp-block-button__link\" aria-label=\"\" href=\"https:\/\/webzeline.fr\/index.php\/tarifs-formules#Tarifatelier\" rel=\"follow noopener\" target=\"_self\" role=\"button\"><div class=\"uagb-button__link\">Tarifs des Ateliers<\/div><\/a><\/div><\/div>\n<\/div><\/div>\n\n\n\n<div class=\"wp-block-uagb-container uagb-block-fcd04c02 alignfull uagb-is-root-container\"><div class=\"uagb-container-inner-blocks-wrap\">\n<div class=\"wp-block-uagb-separator uagb-block-f78d3a6d wp-block-uagb-separator--icon\"><div class=\"wp-block-uagb-separator__inner\" style=\"--my-background-image:\"><div class=\"wp-block-uagb-separator-element\"><svg xmlns=\"https:\/\/www.w3.org\/2000\/svg\" viewBox=\"0 0 576 512\"><path d=\"M381.2 150.3L524.9 171.5C536.8 173.2 546.8 181.6 550.6 193.1C554.4 204.7 551.3 217.3 542.7 225.9L438.5 328.1L463.1 474.7C465.1 486.7 460.2 498.9 450.2 506C440.3 513.1 427.2 514 416.5 508.3L288.1 439.8L159.8 508.3C149 514 135.9 513.1 126 506C116.1 498.9 111.1 486.7 113.2 474.7L137.8 328.1L33.58 225.9C24.97 217.3 21.91 204.7 25.69 193.1C29.46 181.6 39.43 173.2 51.42 171.5L195 150.3L259.4 17.97C264.7 6.954 275.9-.0391 288.1-.0391C300.4-.0391 311.6 6.954 316.9 17.97L381.2 150.3z\"><\/path><\/svg><\/div><\/div><\/div>\n\n\n\n<div class=\"wp-block-uagb-advanced-heading uagb-block-1a46de20\"><h2 class=\"uagb-heading-text\">Partenariats avec associations &amp; collectivit\u00e9s<\/h2><\/div>\n\n\n\n<p class=\"has-text-align-center\">Parce que le num\u00e9rique concerne tout le monde, nous proposons \u00e9galement nos <strong>ateliers et micro-formations en partenariat avec les associations, collectivit\u00e9s et structures locales<\/strong>.<br>De quoi favoriser l\u2019inclusion num\u00e9rique, cr\u00e9er du lien social et permettre \u00e0 chacun de se sentir \u00e0 l\u2019aise avec ses outils du quotidien.<\/p>\n\n\n\n<div class=\"wp-block-uagb-buttons uagb-buttons__outer-wrap uagb-btn__default-btn uagb-btn-tablet__default-btn uagb-btn-mobile__default-btn uagb-block-3ed30d90\"><div class=\"uagb-buttons__wrap uagb-buttons-layout-wrap \">\n<div class=\"wp-block-uagb-buttons-child uagb-buttons__outer-wrap uagb-block-4fe83c85 wp-block-button\"><div class=\"uagb-button__wrapper\"><a class=\"uagb-buttons-repeater wp-block-button__link\" aria-label=\"\" href=\"https:\/\/webzeline.fr\/index.php\/partenariats\/\" rel=\"follow noopener\" target=\"_self\" role=\"button\"><div class=\"uagb-button__link\">Partenariat<\/div><\/a><\/div><\/div>\n<\/div><\/div>\n<\/div><\/div>\n<\/div><\/div>\n\n\n\n<p><\/p>\n","protected":false},"excerpt":{"rendered":"<p>Formations &amp; Ateliers Chez La Cabane WebZeline, on part d\u2019un principe simple : l\u2019informatique, \u00e7a s\u2019apprend mieux quand c\u2019est expliqu\u00e9 tranquillement, sans jargon, et avec un peu de bonne humeur.Que vous soyez \u201cgrand d\u00e9butant timide\u201d, \u201cexplorateur du num\u00e9rique\u201d ou que vous ayez juste besoin d\u2019un petit coup de pouce, nos formations et ateliers sont faits [&hellip;]<\/p>\n","protected":false},"author":1,"featured_media":0,"parent":0,"menu_order":0,"comment_status":"closed","ping_status":"closed","template":"","meta":{"_uag_custom_page_level_css":"","site-sidebar-layout":"default","site-content-layout":"","ast-site-content-layout":"default","site-content-style":"default","site-sidebar-style":"default","ast-global-header-display":"","ast-banner-title-visibility":"","ast-main-header-display":"","ast-hfb-above-header-display":"","ast-hfb-below-header-display":"","ast-hfb-mobile-header-display":"","site-post-title":"disabled","ast-breadcrumbs-content":"","ast-featured-img":"","footer-sml-layout":"","ast-disable-related-posts":"","theme-transparent-header-meta":"","adv-header-id-meta":"","stick-header-meta":"","header-above-stick-meta":"","header-main-stick-meta":"","header-below-stick-meta":"","astra-migrate-meta-layouts":"default","ast-page-background-enabled":"default","ast-page-background-meta":{"desktop":{"background-color":"var(--ast-global-color-5)","background-image":"","background-repeat":"repeat","background-position":"center center","background-size":"auto","background-attachment":"scroll","background-type":"","background-media":"","overlay-type":"","overlay-color":"","overlay-opacity":"","overlay-gradient":""},"tablet":{"background-color":"","background-image":"","background-repeat":"repeat","background-position":"center center","background-size":"auto","background-attachment":"scroll","background-type":"","background-media":"","overlay-type":"","overlay-color":"","overlay-opacity":"","overlay-gradient":""},"mobile":{"background-color":"","background-image":"","background-repeat":"repeat","background-position":"center center","background-size":"auto","background-attachment":"scroll","background-type":"","background-media":"","overlay-type":"","overlay-color":"","overlay-opacity":"","overlay-gradient":""}},"ast-content-background-meta":{"desktop":{"background-color":"var(--ast-global-color-4)","background-image":"","background-repeat":"repeat","background-position":"center center","background-size":"auto","background-attachment":"scroll","background-type":"","background-media":"","overlay-type":"","overlay-color":"","overlay-opacity":"","overlay-gradient":""},"tablet":{"background-color":"var(--ast-global-color-4)","background-image":"","background-repeat":"repeat","background-position":"center center","background-size":"auto","background-attachment":"scroll","background-type":"","background-media":"","overlay-type":"","overlay-color":"","overlay-opacity":"","overlay-gradient":""},"mobile":{"background-color":"var(--ast-global-color-4)","background-image":"","background-repeat":"repeat","background-position":"center center","background-size":"auto","background-attachment":"scroll","background-type":"","background-media":"","overlay-type":"","overlay-color":"","overlay-opacity":"","overlay-gradient":""}},"_glsr_average":0,"_glsr_ranking":0,"_glsr_reviews":0,"footnotes":""},"class_list":["post-416","page","type-page","status-publish","hentry"],"yoast_head":"<!-- This site is optimized with the Yoast SEO plugin v26.8 - https:\/\/yoast.com\/product\/yoast-seo-wordpress\/ -->\n<title>Formations &amp; Ateliers - La cabane WebZeline<\/title>\n<meta name=\"robots\" content=\"index, follow, max-snippet:-1, max-image-preview:large, max-video-preview:-1\" \/>\n<link rel=\"canonical\" href=\"https:\/\/webzeline.fr\/index.php\/micro-formations\/\" \/>\n<meta property=\"og:locale\" content=\"fr_FR\" \/>\n<meta property=\"og:type\" content=\"article\" \/>\n<meta property=\"og:title\" content=\"Formations &amp; Ateliers - La cabane WebZeline\" \/>\n<meta property=\"og:description\" content=\"Formations &amp; Ateliers Chez La Cabane WebZeline, on part d\u2019un principe simple : l\u2019informatique, \u00e7a s\u2019apprend mieux quand c\u2019est expliqu\u00e9 tranquillement, sans jargon, et avec un peu de bonne humeur.Que vous soyez \u201cgrand d\u00e9butant timide\u201d, \u201cexplorateur du num\u00e9rique\u201d ou que vous ayez juste besoin d\u2019un petit coup de pouce, nos formations et ateliers sont faits [&hellip;]\" \/>\n<meta property=\"og:url\" content=\"https:\/\/webzeline.fr\/index.php\/micro-formations\/\" \/>\n<meta property=\"og:site_name\" content=\"La cabane WebZeline\" \/>\n<meta property=\"article:publisher\" content=\"https:\/\/www.facebook.com\/profile.php?id=61580197792634\" \/>\n<meta property=\"article:modified_time\" content=\"2025-10-25T21:59:20+00:00\" \/>\n<meta property=\"og:image\" content=\"https:\/\/webzeline.fr\/wp-content\/uploads\/2025\/10\/Personnages-1.png\" \/>\n<meta name=\"twitter:card\" content=\"summary_large_image\" \/>\n<meta name=\"twitter:label1\" content=\"Dur\u00e9e de lecture estim\u00e9e\" \/>\n\t<meta name=\"twitter:data1\" content=\"3 minutes\" \/>\n<script type=\"application\/ld+json\" class=\"yoast-schema-graph\">{\"@context\":\"https:\/\/schema.org\",\"@graph\":[{\"@type\":\"WebPage\",\"@id\":\"https:\/\/webzeline.fr\/index.php\/micro-formations\/\",\"url\":\"https:\/\/webzeline.fr\/index.php\/micro-formations\/\",\"name\":\"Formations &amp; Ateliers - La cabane WebZeline\",\"isPartOf\":{\"@id\":\"https:\/\/webzeline.fr\/#website\"},\"primaryImageOfPage\":{\"@id\":\"https:\/\/webzeline.fr\/index.php\/micro-formations\/#primaryimage\"},\"image\":{\"@id\":\"https:\/\/webzeline.fr\/index.php\/micro-formations\/#primaryimage\"},\"thumbnailUrl\":\"https:\/\/webzeline.fr\/wp-content\/uploads\/2025\/10\/Personnages-1.png\",\"datePublished\":\"2025-08-28T21:28:06+00:00\",\"dateModified\":\"2025-10-25T21:59:20+00:00\",\"breadcrumb\":{\"@id\":\"https:\/\/webzeline.fr\/index.php\/micro-formations\/#breadcrumb\"},\"inLanguage\":\"fr-FR\",\"potentialAction\":[{\"@type\":\"ReadAction\",\"target\":[\"https:\/\/webzeline.fr\/index.php\/micro-formations\/\"]}]},{\"@type\":\"ImageObject\",\"inLanguage\":\"fr-FR\",\"@id\":\"https:\/\/webzeline.fr\/index.php\/micro-formations\/#primaryimage\",\"url\":\"https:\/\/webzeline.fr\/wp-content\/uploads\/2025\/10\/Personnages-1.png\",\"contentUrl\":\"https:\/\/webzeline.fr\/wp-content\/uploads\/2025\/10\/Personnages-1.png\",\"width\":500,\"height\":500,\"caption\":\"AmidZeline en formation\"},{\"@type\":\"BreadcrumbList\",\"@id\":\"https:\/\/webzeline.fr\/index.php\/micro-formations\/#breadcrumb\",\"itemListElement\":[{\"@type\":\"ListItem\",\"position\":1,\"name\":\"Accueil\",\"item\":\"https:\/\/webzeline.fr\/\"},{\"@type\":\"ListItem\",\"position\":2,\"name\":\"Formations &amp; Ateliers\"}]},{\"@type\":\"WebSite\",\"@id\":\"https:\/\/webzeline.fr\/#website\",\"url\":\"https:\/\/webzeline.fr\/\",\"name\":\"La cabane d'AmidZeline\",\"description\":\"Aide et conseil informatique, chez vous et \u00e0 distance !\",\"publisher\":{\"@id\":\"https:\/\/webzeline.fr\/#organization\"},\"alternateName\":\"webzeline\",\"potentialAction\":[{\"@type\":\"SearchAction\",\"target\":{\"@type\":\"EntryPoint\",\"urlTemplate\":\"https:\/\/webzeline.fr\/?s={search_term_string}\"},\"query-input\":{\"@type\":\"PropertyValueSpecification\",\"valueRequired\":true,\"valueName\":\"search_term_string\"}}],\"inLanguage\":\"fr-FR\"},{\"@type\":\"Organization\",\"@id\":\"https:\/\/webzeline.fr\/#organization\",\"name\":\"La cabane d'AmidZeline\",\"alternateName\":\"Webzeline\",\"url\":\"https:\/\/webzeline.fr\/\",\"logo\":{\"@type\":\"ImageObject\",\"inLanguage\":\"fr-FR\",\"@id\":\"https:\/\/webzeline.fr\/#\/schema\/logo\/image\/\",\"url\":\"https:\/\/webzeline.fr\/wp-content\/uploads\/2025\/10\/cropped-2-2.png\",\"contentUrl\":\"https:\/\/webzeline.fr\/wp-content\/uploads\/2025\/10\/cropped-2-2.png\",\"width\":493,\"height\":370,\"caption\":\"La cabane d'AmidZeline\"},\"image\":{\"@id\":\"https:\/\/webzeline.fr\/#\/schema\/logo\/image\/\"},\"sameAs\":[\"https:\/\/www.facebook.com\/profile.php?id=61580197792634\",\"https:\/\/www.linkedin.com\/in\/elodie-destrez-a30b1156\/\",\"https:\/\/www.instagram.com\/amidzeline\/\"]}]}<\/script>\n<!-- \/ Yoast SEO plugin. -->","yoast_head_json":{"title":"Formations &amp; Ateliers - La cabane WebZeline","robots":{"index":"index","follow":"follow","max-snippet":"max-snippet:-1","max-image-preview":"max-image-preview:large","max-video-preview":"max-video-preview:-1"},"canonical":"https:\/\/webzeline.fr\/index.php\/micro-formations\/","og_locale":"fr_FR","og_type":"article","og_title":"Formations &amp; Ateliers - La cabane WebZeline","og_description":"Formations &amp; Ateliers Chez La Cabane WebZeline, on part d\u2019un principe simple : l\u2019informatique, \u00e7a s\u2019apprend mieux quand c\u2019est expliqu\u00e9 tranquillement, sans jargon, et avec un peu de bonne humeur.Que vous soyez \u201cgrand d\u00e9butant timide\u201d, \u201cexplorateur du num\u00e9rique\u201d ou que vous ayez juste besoin d\u2019un petit coup de pouce, nos formations et ateliers sont faits [&hellip;]","og_url":"https:\/\/webzeline.fr\/index.php\/micro-formations\/","og_site_name":"La cabane WebZeline","article_publisher":"https:\/\/www.facebook.com\/profile.php?id=61580197792634","article_modified_time":"2025-10-25T21:59:20+00:00","og_image":[{"url":"https:\/\/webzeline.fr\/wp-content\/uploads\/2025\/10\/Personnages-1.png","type":"","width":"","height":""}],"twitter_card":"summary_large_image","twitter_misc":{"Dur\u00e9e de lecture estim\u00e9e":"3 minutes"},"schema":{"@context":"https:\/\/schema.org","@graph":[{"@type":"WebPage","@id":"https:\/\/webzeline.fr\/index.php\/micro-formations\/","url":"https:\/\/webzeline.fr\/index.php\/micro-formations\/","name":"Formations &amp; Ateliers - La cabane WebZeline","isPartOf":{"@id":"https:\/\/webzeline.fr\/#website"},"primaryImageOfPage":{"@id":"https:\/\/webzeline.fr\/index.php\/micro-formations\/#primaryimage"},"image":{"@id":"https:\/\/webzeline.fr\/index.php\/micro-formations\/#primaryimage"},"thumbnailUrl":"https:\/\/webzeline.fr\/wp-content\/uploads\/2025\/10\/Personnages-1.png","datePublished":"2025-08-28T21:28:06+00:00","dateModified":"2025-10-25T21:59:20+00:00","breadcrumb":{"@id":"https:\/\/webzeline.fr\/index.php\/micro-formations\/#breadcrumb"},"inLanguage":"fr-FR","potentialAction":[{"@type":"ReadAction","target":["https:\/\/webzeline.fr\/index.php\/micro-formations\/"]}]},{"@type":"ImageObject","inLanguage":"fr-FR","@id":"https:\/\/webzeline.fr\/index.php\/micro-formations\/#primaryimage","url":"https:\/\/webzeline.fr\/wp-content\/uploads\/2025\/10\/Personnages-1.png","contentUrl":"https:\/\/webzeline.fr\/wp-content\/uploads\/2025\/10\/Personnages-1.png","width":500,"height":500,"caption":"AmidZeline en formation"},{"@type":"BreadcrumbList","@id":"https:\/\/webzeline.fr\/index.php\/micro-formations\/#breadcrumb","itemListElement":[{"@type":"ListItem","position":1,"name":"Accueil","item":"https:\/\/webzeline.fr\/"},{"@type":"ListItem","position":2,"name":"Formations &amp; Ateliers"}]},{"@type":"WebSite","@id":"https:\/\/webzeline.fr\/#website","url":"https:\/\/webzeline.fr\/","name":"La cabane d'AmidZeline","description":"Aide et conseil informatique, chez vous et \u00e0 distance !","publisher":{"@id":"https:\/\/webzeline.fr\/#organization"},"alternateName":"webzeline","potentialAction":[{"@type":"SearchAction","target":{"@type":"EntryPoint","urlTemplate":"https:\/\/webzeline.fr\/?s={search_term_string}"},"query-input":{"@type":"PropertyValueSpecification","valueRequired":true,"valueName":"search_term_string"}}],"inLanguage":"fr-FR"},{"@type":"Organization","@id":"https:\/\/webzeline.fr\/#organization","name":"La cabane d'AmidZeline","alternateName":"Webzeline","url":"https:\/\/webzeline.fr\/","logo":{"@type":"ImageObject","inLanguage":"fr-FR","@id":"https:\/\/webzeline.fr\/#\/schema\/logo\/image\/","url":"https:\/\/webzeline.fr\/wp-content\/uploads\/2025\/10\/cropped-2-2.png","contentUrl":"https:\/\/webzeline.fr\/wp-content\/uploads\/2025\/10\/cropped-2-2.png","width":493,"height":370,"caption":"La cabane d'AmidZeline"},"image":{"@id":"https:\/\/webzeline.fr\/#\/schema\/logo\/image\/"},"sameAs":["https:\/\/www.facebook.com\/profile.php?id=61580197792634","https:\/\/www.linkedin.com\/in\/elodie-destrez-a30b1156\/","https:\/\/www.instagram.com\/amidzeline\/"]}]}},"uagb_featured_image_src":{"full":false,"thumbnail":false,"medium":false,"medium_large":false,"large":false,"1536x1536":false,"2048x2048":false},"uagb_author_info":{"display_name":"admin1802","author_link":"https:\/\/webzeline.fr\/index.php\/author\/admin1802\/"},"uagb_comment_info":0,"uagb_excerpt":"Formations &amp; Ateliers Chez La Cabane WebZeline, on part d\u2019un principe simple : l\u2019informatique, \u00e7a s\u2019apprend mieux quand c\u2019est expliqu\u00e9 tranquillement, sans jargon, et avec un peu de bonne humeur.Que vous soyez \u201cgrand d\u00e9butant timide\u201d, \u201cexplorateur du num\u00e9rique\u201d ou que vous ayez juste besoin d\u2019un petit coup de pouce, nos formations et ateliers sont faits\u2026","_links":{"self":[{"href":"https:\/\/webzeline.fr\/index.php\/wp-json\/wp\/v2\/pages\/416","targetHints":{"allow":["GET"]}}],"collection":[{"href":"https:\/\/webzeline.fr\/index.php\/wp-json\/wp\/v2\/pages"}],"about":[{"href":"https:\/\/webzeline.fr\/index.php\/wp-json\/wp\/v2\/types\/page"}],"author":[{"embeddable":true,"href":"https:\/\/webzeline.fr\/index.php\/wp-json\/wp\/v2\/users\/1"}],"replies":[{"embeddable":true,"href":"https:\/\/webzeline.fr\/index.php\/wp-json\/wp\/v2\/comments?post=416"}],"version-history":[{"count":28,"href":"https:\/\/webzeline.fr\/index.php\/wp-json\/wp\/v2\/pages\/416\/revisions"}],"predecessor-version":[{"id":1417,"href":"https:\/\/webzeline.fr\/index.php\/wp-json\/wp\/v2\/pages\/416\/revisions\/1417"}],"wp:attachment":[{"href":"https:\/\/webzeline.fr\/index.php\/wp-json\/wp\/v2\/media?parent=416"}],"curies":[{"name":"wp","href":"https:\/\/api.w.org\/{rel}","templated":true}]}}