{"id":557,"date":"2025-08-31T00:39:19","date_gmt":"2025-08-30T22:39:19","guid":{"rendered":"https:\/\/webzeline.fr\/?page_id=557"},"modified":"2025-10-28T21:57:24","modified_gmt":"2025-10-28T20:57:24","slug":"mentions-legales","status":"publish","type":"page","link":"https:\/\/webzeline.fr\/index.php\/mentions-legales\/","title":{"rendered":"Mentions L\u00e9gales"},"content":{"rendered":"<p data-start=\"445\" data-end=\"665\">Conform\u00e9ment aux dispositions de la loi n\u00b02004-575 du 21 juin 2004 pour la confiance dans l\u2019\u00e9conomie num\u00e9rique, il est pr\u00e9cis\u00e9 aux utilisateurs de cette page l\u2019identit\u00e9 de l\u2019\u00e9diteur et du responsable de la publication.<\/p>\n<p data-start=\"667\" data-end=\"838\"><strong data-start=\"667\" data-end=\"691\">\u00c9diteur de la page :<\/strong><br data-start=\"691\" data-end=\"694\" \/>Elodie DESTREZ<br data-start=\"704\" data-end=\"707\" \/>Micro entrepreneuse<br data-start=\"725\" data-end=\"728\" \/>10 rue du Ch\u00e2teau<br data-start=\"745\" data-end=\"748\" \/>46090 ESPERE \u2013 France<br data-start=\"769\" data-end=\"772\" \/>\ud83d\udcde T\u00e9l\u00e9phone : 06 63 01 87 61<br data-start=\"799\" data-end=\"802\" \/>\ud83d\udce7 Email : <a href=\"mailto:elodie.destrez@webzeline.fr\">elodie.destrez@webzeline.fr<\/a><\/p>\n<p data-start=\"840\" data-end=\"965\"><strong data-start=\"840\" data-end=\"851\">SIRET :<\/strong> 990 128 464 00023<br data-start=\"886\" data-end=\"889\" \/><strong data-start=\"889\" data-end=\"903\">Code APE :<\/strong> 6202B &#8211; Tierce maintenance de syst\u00e8mes et d&rsquo;applications informatiques<\/p>\n<p data-start=\"967\" data-end=\"1017\"><strong data-start=\"967\" data-end=\"1002\">Responsable de la publication :<\/strong><br data-start=\"1002\" data-end=\"1005\" \/>Elodie DESTREZ<\/p>\n<p data-start=\"1019\" data-end=\"1138\"><strong data-start=\"1019\" data-end=\"1047\">H\u00e9bergement de la page :<\/strong><br data-start=\"1047\" data-end=\"1050\" \/>Facebook Ireland Ltd.<br data-start=\"1071\" data-end=\"1074\" \/>4 Grand Canal Square, Grand Canal Harbour,<br data-start=\"1116\" data-end=\"1119\" \/>Dublin 2, Ireland<\/p>\n<p data-start=\"1140\" data-end=\"1443\"><strong data-start=\"1140\" data-end=\"1170\">Propri\u00e9t\u00e9 intellectuelle :<\/strong><br data-start=\"1170\" data-end=\"1173\" \/>L\u2019ensemble des contenus (textes, images, logos, cr\u00e9ations graphiques ou artistiques) publi\u00e9s sur cette page sont la propri\u00e9t\u00e9 exclusive de EI DESTREZ Elodie, sauf mention contraire. Toute reproduction, diffusion ou utilisation sans autorisation est interdite.<\/p>\n<p data-start=\"1445\" data-end=\"1854\"><strong data-start=\"1445\" data-end=\"1486\">Protection des donn\u00e9es personnelles :<\/strong><br data-start=\"1486\" data-end=\"1489\" \/>Les informations personnelles \u00e9ventuellement transmises via cette page (par message priv\u00e9 ou formulaire) sont utilis\u00e9es uniquement dans le cadre des \u00e9changes commerciaux et ne sont jamais c\u00e9d\u00e9es \u00e0 des tiers. Conform\u00e9ment au RGPD, vous disposez d\u2019un droit d\u2019acc\u00e8s, de rectification et de suppression de vos donn\u00e9es en en faisant la demande par email \u00e0 <a href=\"mailto:contact@webzeline.fr\">contact@webzeline.fr<\/a>.<\/p>\n","protected":false},"excerpt":{"rendered":"<p>Conform\u00e9ment aux dispositions de la loi n\u00b02004-575 du 21 juin 2004 pour la confiance dans l\u2019\u00e9conomie num\u00e9rique, il est pr\u00e9cis\u00e9 aux utilisateurs de cette page l\u2019identit\u00e9 de l\u2019\u00e9diteur et du responsable de la publication. \u00c9diteur de la page :Elodie DESTREZMicro entrepreneuse10 rue du Ch\u00e2teau46090 ESPERE \u2013 France\ud83d\udcde T\u00e9l\u00e9phone : 06 63 01 87 61\ud83d\udce7 Email [&hellip;]<\/p>\n","protected":false},"author":1,"featured_media":0,"parent":0,"menu_order":0,"comment_status":"closed","ping_status":"closed","template":"","meta":{"_uag_custom_page_level_css":"","site-sidebar-layout":"default","site-content-layout":"","ast-site-content-layout":"default","site-content-style":"default","site-sidebar-style":"default","ast-global-header-display":"","ast-banner-title-visibility":"","ast-main-header-display":"","ast-hfb-above-header-display":"","ast-hfb-below-header-display":"","ast-hfb-mobile-header-display":"","site-post-title":"","ast-breadcrumbs-content":"","ast-featured-img":"","footer-sml-layout":"","ast-disable-related-posts":"","theme-transparent-header-meta":"default","adv-header-id-meta":"","stick-header-meta":"","header-above-stick-meta":"","header-main-stick-meta":"","header-below-stick-meta":"","astra-migrate-meta-layouts":"set","ast-page-background-enabled":"default","ast-page-background-meta":{"desktop":{"background-color":"var(--ast-global-color-5)","background-image":"","background-repeat":"repeat","background-position":"center center","background-size":"auto","background-attachment":"scroll","background-type":"","background-media":"","overlay-type":"","overlay-color":"","overlay-opacity":"","overlay-gradient":""},"tablet":{"background-color":"","background-image":"","background-repeat":"repeat","background-position":"center center","background-size":"auto","background-attachment":"scroll","background-type":"","background-media":"","overlay-type":"","overlay-color":"","overlay-opacity":"","overlay-gradient":""},"mobile":{"background-color":"","background-image":"","background-repeat":"repeat","background-position":"center center","background-size":"auto","background-attachment":"scroll","background-type":"","background-media":"","overlay-type":"","overlay-color":"","overlay-opacity":"","overlay-gradient":""}},"ast-content-background-meta":{"desktop":{"background-color":"var(--ast-global-color-4)","background-image":"","background-repeat":"repeat","background-position":"center center","background-size":"auto","background-attachment":"scroll","background-type":"","background-media":"","overlay-type":"","overlay-color":"","overlay-opacity":"","overlay-gradient":""},"tablet":{"background-color":"var(--ast-global-color-4)","background-image":"","background-repeat":"repeat","background-position":"center center","background-size":"auto","background-attachment":"scroll","background-type":"","background-media":"","overlay-type":"","overlay-color":"","overlay-opacity":"","overlay-gradient":""},"mobile":{"background-color":"var(--ast-global-color-4)","background-image":"","background-repeat":"repeat","background-position":"center center","background-size":"auto","background-attachment":"scroll","background-type":"","background-media":"","overlay-type":"","overlay-color":"","overlay-opacity":"","overlay-gradient":""}},"_glsr_average":0,"_glsr_ranking":0,"_glsr_reviews":0,"footnotes":""},"class_list":["post-557","page","type-page","status-publish","hentry"],"yoast_head":"<!-- This site is optimized with the Yoast SEO plugin v26.8 - https:\/\/yoast.com\/product\/yoast-seo-wordpress\/ -->\n<title>Mentions L\u00e9gales - La cabane WebZeline<\/title>\n<meta name=\"robots\" content=\"index, follow, max-snippet:-1, max-image-preview:large, max-video-preview:-1\" \/>\n<link rel=\"canonical\" href=\"https:\/\/webzeline.fr\/index.php\/mentions-legales\/\" \/>\n<meta property=\"og:locale\" content=\"fr_FR\" \/>\n<meta property=\"og:type\" content=\"article\" \/>\n<meta property=\"og:title\" content=\"Mentions L\u00e9gales - La cabane WebZeline\" \/>\n<meta property=\"og:description\" content=\"Conform\u00e9ment aux dispositions de la loi n\u00b02004-575 du 21 juin 2004 pour la confiance dans l\u2019\u00e9conomie num\u00e9rique, il est pr\u00e9cis\u00e9 aux utilisateurs de cette page l\u2019identit\u00e9 de l\u2019\u00e9diteur et du responsable de la publication. \u00c9diteur de la page :Elodie DESTREZMicro entrepreneuse10 rue du Ch\u00e2teau46090 ESPERE \u2013 France\ud83d\udcde T\u00e9l\u00e9phone : 06 63 01 87 61\ud83d\udce7 Email [&hellip;]\" \/>\n<meta property=\"og:url\" content=\"https:\/\/webzeline.fr\/index.php\/mentions-legales\/\" \/>\n<meta property=\"og:site_name\" content=\"La cabane WebZeline\" \/>\n<meta property=\"article:publisher\" content=\"https:\/\/www.facebook.com\/profile.php?id=61580197792634\" \/>\n<meta property=\"article:modified_time\" content=\"2025-10-28T20:57:24+00:00\" \/>\n<meta name=\"twitter:card\" content=\"summary_large_image\" \/>\n<meta name=\"twitter:label1\" content=\"Dur\u00e9e de lecture estim\u00e9e\" \/>\n\t<meta name=\"twitter:data1\" content=\"1 minute\" \/>\n<script type=\"application\/ld+json\" class=\"yoast-schema-graph\">{\"@context\":\"https:\/\/schema.org\",\"@graph\":[{\"@type\":\"WebPage\",\"@id\":\"https:\/\/webzeline.fr\/index.php\/mentions-legales\/\",\"url\":\"https:\/\/webzeline.fr\/index.php\/mentions-legales\/\",\"name\":\"Mentions L\u00e9gales - La cabane WebZeline\",\"isPartOf\":{\"@id\":\"https:\/\/webzeline.fr\/#website\"},\"datePublished\":\"2025-08-30T22:39:19+00:00\",\"dateModified\":\"2025-10-28T20:57:24+00:00\",\"breadcrumb\":{\"@id\":\"https:\/\/webzeline.fr\/index.php\/mentions-legales\/#breadcrumb\"},\"inLanguage\":\"fr-FR\",\"potentialAction\":[{\"@type\":\"ReadAction\",\"target\":[\"https:\/\/webzeline.fr\/index.php\/mentions-legales\/\"]}]},{\"@type\":\"BreadcrumbList\",\"@id\":\"https:\/\/webzeline.fr\/index.php\/mentions-legales\/#breadcrumb\",\"itemListElement\":[{\"@type\":\"ListItem\",\"position\":1,\"name\":\"Accueil\",\"item\":\"https:\/\/webzeline.fr\/\"},{\"@type\":\"ListItem\",\"position\":2,\"name\":\"Mentions L\u00e9gales\"}]},{\"@type\":\"WebSite\",\"@id\":\"https:\/\/webzeline.fr\/#website\",\"url\":\"https:\/\/webzeline.fr\/\",\"name\":\"La cabane d'AmidZeline\",\"description\":\"Aide et conseil informatique, chez vous et \u00e0 distance !\",\"publisher\":{\"@id\":\"https:\/\/webzeline.fr\/#organization\"},\"alternateName\":\"webzeline\",\"potentialAction\":[{\"@type\":\"SearchAction\",\"target\":{\"@type\":\"EntryPoint\",\"urlTemplate\":\"https:\/\/webzeline.fr\/?s={search_term_string}\"},\"query-input\":{\"@type\":\"PropertyValueSpecification\",\"valueRequired\":true,\"valueName\":\"search_term_string\"}}],\"inLanguage\":\"fr-FR\"},{\"@type\":\"Organization\",\"@id\":\"https:\/\/webzeline.fr\/#organization\",\"name\":\"La cabane d'AmidZeline\",\"alternateName\":\"Webzeline\",\"url\":\"https:\/\/webzeline.fr\/\",\"logo\":{\"@type\":\"ImageObject\",\"inLanguage\":\"fr-FR\",\"@id\":\"https:\/\/webzeline.fr\/#\/schema\/logo\/image\/\",\"url\":\"https:\/\/webzeline.fr\/wp-content\/uploads\/2025\/10\/cropped-2-2.png\",\"contentUrl\":\"https:\/\/webzeline.fr\/wp-content\/uploads\/2025\/10\/cropped-2-2.png\",\"width\":493,\"height\":370,\"caption\":\"La cabane d'AmidZeline\"},\"image\":{\"@id\":\"https:\/\/webzeline.fr\/#\/schema\/logo\/image\/\"},\"sameAs\":[\"https:\/\/www.facebook.com\/profile.php?id=61580197792634\",\"https:\/\/www.linkedin.com\/in\/elodie-destrez-a30b1156\/\",\"https:\/\/www.instagram.com\/amidzeline\/\"]}]}<\/script>\n<!-- \/ Yoast SEO plugin. -->","yoast_head_json":{"title":"Mentions L\u00e9gales - La cabane WebZeline","robots":{"index":"index","follow":"follow","max-snippet":"max-snippet:-1","max-image-preview":"max-image-preview:large","max-video-preview":"max-video-preview:-1"},"canonical":"https:\/\/webzeline.fr\/index.php\/mentions-legales\/","og_locale":"fr_FR","og_type":"article","og_title":"Mentions L\u00e9gales - La cabane WebZeline","og_description":"Conform\u00e9ment aux dispositions de la loi n\u00b02004-575 du 21 juin 2004 pour la confiance dans l\u2019\u00e9conomie num\u00e9rique, il est pr\u00e9cis\u00e9 aux utilisateurs de cette page l\u2019identit\u00e9 de l\u2019\u00e9diteur et du responsable de la publication. \u00c9diteur de la page :Elodie DESTREZMicro entrepreneuse10 rue du Ch\u00e2teau46090 ESPERE \u2013 France\ud83d\udcde T\u00e9l\u00e9phone : 06 63 01 87 61\ud83d\udce7 Email [&hellip;]","og_url":"https:\/\/webzeline.fr\/index.php\/mentions-legales\/","og_site_name":"La cabane WebZeline","article_publisher":"https:\/\/www.facebook.com\/profile.php?id=61580197792634","article_modified_time":"2025-10-28T20:57:24+00:00","twitter_card":"summary_large_image","twitter_misc":{"Dur\u00e9e de lecture estim\u00e9e":"1 minute"},"schema":{"@context":"https:\/\/schema.org","@graph":[{"@type":"WebPage","@id":"https:\/\/webzeline.fr\/index.php\/mentions-legales\/","url":"https:\/\/webzeline.fr\/index.php\/mentions-legales\/","name":"Mentions L\u00e9gales - La cabane WebZeline","isPartOf":{"@id":"https:\/\/webzeline.fr\/#website"},"datePublished":"2025-08-30T22:39:19+00:00","dateModified":"2025-10-28T20:57:24+00:00","breadcrumb":{"@id":"https:\/\/webzeline.fr\/index.php\/mentions-legales\/#breadcrumb"},"inLanguage":"fr-FR","potentialAction":[{"@type":"ReadAction","target":["https:\/\/webzeline.fr\/index.php\/mentions-legales\/"]}]},{"@type":"BreadcrumbList","@id":"https:\/\/webzeline.fr\/index.php\/mentions-legales\/#breadcrumb","itemListElement":[{"@type":"ListItem","position":1,"name":"Accueil","item":"https:\/\/webzeline.fr\/"},{"@type":"ListItem","position":2,"name":"Mentions L\u00e9gales"}]},{"@type":"WebSite","@id":"https:\/\/webzeline.fr\/#website","url":"https:\/\/webzeline.fr\/","name":"La cabane d'AmidZeline","description":"Aide et conseil informatique, chez vous et \u00e0 distance !","publisher":{"@id":"https:\/\/webzeline.fr\/#organization"},"alternateName":"webzeline","potentialAction":[{"@type":"SearchAction","target":{"@type":"EntryPoint","urlTemplate":"https:\/\/webzeline.fr\/?s={search_term_string}"},"query-input":{"@type":"PropertyValueSpecification","valueRequired":true,"valueName":"search_term_string"}}],"inLanguage":"fr-FR"},{"@type":"Organization","@id":"https:\/\/webzeline.fr\/#organization","name":"La cabane d'AmidZeline","alternateName":"Webzeline","url":"https:\/\/webzeline.fr\/","logo":{"@type":"ImageObject","inLanguage":"fr-FR","@id":"https:\/\/webzeline.fr\/#\/schema\/logo\/image\/","url":"https:\/\/webzeline.fr\/wp-content\/uploads\/2025\/10\/cropped-2-2.png","contentUrl":"https:\/\/webzeline.fr\/wp-content\/uploads\/2025\/10\/cropped-2-2.png","width":493,"height":370,"caption":"La cabane d'AmidZeline"},"image":{"@id":"https:\/\/webzeline.fr\/#\/schema\/logo\/image\/"},"sameAs":["https:\/\/www.facebook.com\/profile.php?id=61580197792634","https:\/\/www.linkedin.com\/in\/elodie-destrez-a30b1156\/","https:\/\/www.instagram.com\/amidzeline\/"]}]}},"uagb_featured_image_src":{"full":false,"thumbnail":false,"medium":false,"medium_large":false,"large":false,"1536x1536":false,"2048x2048":false},"uagb_author_info":{"display_name":"admin1802","author_link":"https:\/\/webzeline.fr\/index.php\/author\/admin1802\/"},"uagb_comment_info":0,"uagb_excerpt":"Conform\u00e9ment aux dispositions de la loi n\u00b02004-575 du 21 juin 2004 pour la confiance dans l\u2019\u00e9conomie num\u00e9rique, il est pr\u00e9cis\u00e9 aux utilisateurs de cette page l\u2019identit\u00e9 de l\u2019\u00e9diteur et du responsable de la publication. \u00c9diteur de la page :Elodie DESTREZMicro entrepreneuse10 rue du Ch\u00e2teau46090 ESPERE \u2013 France\ud83d\udcde T\u00e9l\u00e9phone : 06 63 01 87 61\ud83d\udce7 Email\u2026","_links":{"self":[{"href":"https:\/\/webzeline.fr\/index.php\/wp-json\/wp\/v2\/pages\/557","targetHints":{"allow":["GET"]}}],"collection":[{"href":"https:\/\/webzeline.fr\/index.php\/wp-json\/wp\/v2\/pages"}],"about":[{"href":"https:\/\/webzeline.fr\/index.php\/wp-json\/wp\/v2\/types\/page"}],"author":[{"embeddable":true,"href":"https:\/\/webzeline.fr\/index.php\/wp-json\/wp\/v2\/users\/1"}],"replies":[{"embeddable":true,"href":"https:\/\/webzeline.fr\/index.php\/wp-json\/wp\/v2\/comments?post=557"}],"version-history":[{"count":2,"href":"https:\/\/webzeline.fr\/index.php\/wp-json\/wp\/v2\/pages\/557\/revisions"}],"predecessor-version":[{"id":1475,"href":"https:\/\/webzeline.fr\/index.php\/wp-json\/wp\/v2\/pages\/557\/revisions\/1475"}],"wp:attachment":[{"href":"https:\/\/webzeline.fr\/index.php\/wp-json\/wp\/v2\/media?parent=557"}],"curies":[{"name":"wp","href":"https:\/\/api.w.org\/{rel}","templated":true}]}}