{"id":609,"date":"2025-09-01T23:52:55","date_gmt":"2025-09-01T21:52:55","guid":{"rendered":"https:\/\/webzeline.fr\/?page_id=609"},"modified":"2025-10-28T21:54:42","modified_gmt":"2025-10-28T20:54:42","slug":"conditions-generales-de-vente-cgv-reglementation-service","status":"publish","type":"page","link":"https:\/\/webzeline.fr\/index.php\/conditions-generales-de-vente-cgv-reglementation-service\/","title":{"rendered":"Conditions G\u00e9n\u00e9rales de Vente (CGV)"},"content":{"rendered":"\n<div class=\"wp-block-group is-layout-constrained wp-block-group-is-layout-constrained\">\n<div class=\"wp-block-uagb-advanced-heading uagb-block-8c358c7d\"><h2 class=\"uagb-heading-text\">Conditions G\u00e9n\u00e9rales de Vente (CGV)<\/h2><\/div>\n\n\n\n<h4 class=\"wp-block-heading\">1. Identification de l\u2019entreprise<\/h4>\n\n\n\n<ul class=\"wp-block-list\">\n<li>Nom de l\u2019entreprise : La cabane WebZeline<\/li>\n\n\n\n<li>Statut juridique : Micro-entreprise<\/li>\n\n\n\n<li>SIRET : 99012846400023<\/li>\n\n\n\n<li>Adresse : 10 rue du Ch\u00e2teau 46090 ESPERE<\/li>\n\n\n\n<li>T\u00e9l\u00e9phone \/ Email : 0663018761 \/ elodie.destrez@webzeline.fr<\/li>\n\n\n\n<li>Responsable l\u00e9gal : DESTREZ Elodie<\/li>\n<\/ul>\n\n\n\n<h4 class=\"wp-block-heading\">2. Objet des CGV<\/h4>\n\n\n\n<p>Les pr\u00e9sentes conditions g\u00e9n\u00e9rales d\u00e9finissent les droits et obligations des parties dans le cadre de la vente de prestations de services informatiques, d\u2019aide administrative, de micro-formations, ainsi que de prestations de conseil en achat de mat\u00e9riel informatique, propos\u00e9es par La Cabane WebZeline.<\/p>\n\n\n\n<h4 class=\"wp-block-heading\">3. Services propos\u00e9s<\/h4>\n\n\n\n<ul class=\"wp-block-list\">\n<li><strong>Services \u00e0 la personne<\/strong> : aide aux d\u00e9marches administratives en ligne, assistance informatique.<\/li>\n\n\n\n<li><strong>Micro-formations<\/strong> : initiation \u00e0 l\u2019informatique, internet, bureautique, s\u00e9curit\u00e9 num\u00e9rique, etc.<\/li>\n\n\n\n<li><strong>D\u00e9pannage \/ entretien informatique<\/strong> : installation, configuration, maintenance.<\/li>\n\n\n\n<li><strong>Conseil en achat de mat\u00e9riel informatique<\/strong> : accompagnement dans le choix et l\u2019acquisition de mat\u00e9riel adapt\u00e9 aux besoins du client (ordinateur, p\u00e9riph\u00e9riques, logiciels).<\/li>\n<\/ul>\n\n\n\n<h4 class=\"wp-block-heading\">4. Commandes et devis<\/h4>\n\n\n\n<ul class=\"wp-block-list\">\n<li>Toute prestation fait l\u2019objet d\u2019un devis ou d\u2019une validation \u00e9crite (email, formulaire).<\/li>\n\n\n\n<li>Les prestations sont r\u00e9alis\u00e9es uniquement apr\u00e8s acceptation du devis et, le cas \u00e9ch\u00e9ant, versement d\u2019un acompte.<\/li>\n<\/ul>\n\n\n\n<h4 class=\"wp-block-heading\">5. Prix et modalit\u00e9s de paiement<\/h4>\n\n\n\n<ul class=\"wp-block-list\">\n<li>Les prix sont exprim\u00e9s en euros, <strong>TVA non applicable (article 293 B du CGI)<\/strong>.<\/li>\n\n\n\n<li>Le paiement peut s\u2019effectuer par virement bancaire ou CESU<\/li>\n\n\n\n<li>Les prestations doivent \u00eatre r\u00e9gl\u00e9es dans un d\u00e9lai de 30 jours apr\u00e8s la livraison.<\/li>\n\n\n\n<li>En cas de retard de paiement, des p\u00e9nalit\u00e9s pourront \u00eatre appliqu\u00e9es conform\u00e9ment \u00e0 la l\u00e9gislation en vigueur.<\/li>\n<\/ul>\n\n\n\n<h4 class=\"wp-block-heading\">6. Droit de r\u00e9tractation<\/h4>\n\n\n\n<p>Conform\u00e9ment aux articles L221-18 et suivants du Code de la consommation, le client particulier dispose d\u2019un d\u00e9lai de 14 jours \u00e0 compter de la conclusion du contrat pour exercer son droit de r\u00e9tractation, sauf exceptions pr\u00e9vues par la loi (notamment prestations d\u00e9j\u00e0 ex\u00e9cut\u00e9es en accord du client).<\/p>\n\n\n\n<h4 class=\"wp-block-heading\">7. Ex\u00e9cution des prestations<\/h4>\n\n\n\n<ul class=\"wp-block-list\">\n<li>Les prestations sont r\u00e9alis\u00e9es selon les modalit\u00e9s d\u00e9finies dans le devis accept\u00e9.<\/li>\n\n\n\n<li>Le client s\u2019engage \u00e0 fournir les informations n\u00e9cessaires \u00e0 la bonne r\u00e9alisation des services.<\/li>\n\n\n\n<li>La responsabilit\u00e9 de l\u2019entreprise ne saurait \u00eatre engag\u00e9e en cas de mauvaise utilisation du mat\u00e9riel ou des conseils fournis.<\/li>\n\n\n\n<li>Concernant le conseil en achat de mat\u00e9riel informatique, l\u2019entreprise n\u2019est pas responsable de la qualit\u00e9, de la disponibilit\u00e9 ou de la garantie des produits achet\u00e9s aupr\u00e8s de tiers.<\/li>\n<\/ul>\n\n\n\n<h4 class=\"wp-block-heading\">8. Responsabilit\u00e9 et garanties<\/h4>\n\n\n\n<ul class=\"wp-block-list\">\n<li>L\u2019entreprise ne peut \u00eatre tenue responsable des dommages indirects ou immat\u00e9riels li\u00e9s \u00e0 l\u2019utilisation des services.<\/li>\n\n\n\n<li>Pour les prestations informatiques, aucune garantie ne couvre les dommages li\u00e9s \u00e0 des virus, failles de s\u00e9curit\u00e9 ou \u00e0 une mauvaise manipulation par le client.<\/li>\n\n\n\n<li>Concernant le conseil en achat de mat\u00e9riel, l\u2019entreprise s\u2019engage \u00e0 fournir des recommandations adapt\u00e9es, mais ne saurait \u00eatre responsable de la performance ou de la durabilit\u00e9 du mat\u00e9riel acquis par le client.<\/li>\n<\/ul>\n\n\n\n<h4 class=\"wp-block-heading\">9. Protection des donn\u00e9es personnelles<\/h4>\n\n\n\n<p>Les informations collect\u00e9es sont strictement n\u00e9cessaires \u00e0 la gestion des prestations et commandes. Elles ne sont ni vendues ni transmises \u00e0 des tiers. Le client dispose d\u2019un droit d\u2019acc\u00e8s, de rectification et de suppression conform\u00e9ment au RGPD et \u00e0 la loi Informatique et Libert\u00e9s.<\/p>\n\n\n\n<h4 class=\"wp-block-heading\">10. Propri\u00e9t\u00e9 intellectuelle<\/h4>\n\n\n\n<p>Les contenus, supports p\u00e9dagogiques, conseils et recommandations fournis restent la propri\u00e9t\u00e9 intellectuelle de l\u2019entreprise et ne peuvent \u00eatre reproduits, copi\u00e9s ou exploit\u00e9s sans autorisation.<\/p>\n\n\n\n<h4 class=\"wp-block-heading\">11. Litiges et droit applicable<\/h4>\n\n\n\n<p>Les pr\u00e9sentes CGV sont soumises au droit fran\u00e7ais.<br>En cas de litige, une solution amiable sera recherch\u00e9e. \u00c0 d\u00e9faut, les tribunaux comp\u00e9tents seront ceux du ressort du Tribunal Judiciaire de Cahors.<\/p>\n<\/div>\n","protected":false},"excerpt":{"rendered":"<p>Conditions G\u00e9n\u00e9rales de Vente (CGV) 1. Identification de l\u2019entreprise 2. Objet des CGV Les pr\u00e9sentes conditions g\u00e9n\u00e9rales d\u00e9finissent les droits et obligations des parties dans le cadre de la vente de prestations de services informatiques, d\u2019aide administrative, de micro-formations, ainsi que de prestations de conseil en achat de mat\u00e9riel informatique, propos\u00e9es par La Cabane WebZeline. [&hellip;]<\/p>\n","protected":false},"author":2,"featured_media":0,"parent":0,"menu_order":0,"comment_status":"closed","ping_status":"closed","template":"","meta":{"_uag_custom_page_level_css":"","site-sidebar-layout":"default","site-content-layout":"","ast-site-content-layout":"default","site-content-style":"default","site-sidebar-style":"default","ast-global-header-display":"","ast-banner-title-visibility":"","ast-main-header-display":"","ast-hfb-above-header-display":"","ast-hfb-below-header-display":"","ast-hfb-mobile-header-display":"","site-post-title":"disabled","ast-breadcrumbs-content":"","ast-featured-img":"","footer-sml-layout":"","ast-disable-related-posts":"","theme-transparent-header-meta":"","adv-header-id-meta":"","stick-header-meta":"","header-above-stick-meta":"","header-main-stick-meta":"","header-below-stick-meta":"","astra-migrate-meta-layouts":"default","ast-page-background-enabled":"default","ast-page-background-meta":{"desktop":{"background-color":"var(--ast-global-color-5)","background-image":"","background-repeat":"repeat","background-position":"center center","background-size":"auto","background-attachment":"scroll","background-type":"","background-media":"","overlay-type":"","overlay-color":"","overlay-opacity":"","overlay-gradient":""},"tablet":{"background-color":"","background-image":"","background-repeat":"repeat","background-position":"center center","background-size":"auto","background-attachment":"scroll","background-type":"","background-media":"","overlay-type":"","overlay-color":"","overlay-opacity":"","overlay-gradient":""},"mobile":{"background-color":"","background-image":"","background-repeat":"repeat","background-position":"center center","background-size":"auto","background-attachment":"scroll","background-type":"","background-media":"","overlay-type":"","overlay-color":"","overlay-opacity":"","overlay-gradient":""}},"ast-content-background-meta":{"desktop":{"background-color":"var(--ast-global-color-4)","background-image":"","background-repeat":"repeat","background-position":"center center","background-size":"auto","background-attachment":"scroll","background-type":"","background-media":"","overlay-type":"","overlay-color":"","overlay-opacity":"","overlay-gradient":""},"tablet":{"background-color":"var(--ast-global-color-4)","background-image":"","background-repeat":"repeat","background-position":"center center","background-size":"auto","background-attachment":"scroll","background-type":"","background-media":"","overlay-type":"","overlay-color":"","overlay-opacity":"","overlay-gradient":""},"mobile":{"background-color":"var(--ast-global-color-4)","background-image":"","background-repeat":"repeat","background-position":"center center","background-size":"auto","background-attachment":"scroll","background-type":"","background-media":"","overlay-type":"","overlay-color":"","overlay-opacity":"","overlay-gradient":""}},"_glsr_average":0,"_glsr_ranking":0,"_glsr_reviews":0,"footnotes":""},"class_list":["post-609","page","type-page","status-publish","hentry"],"yoast_head":"<!-- This site is optimized with the Yoast SEO plugin v26.8 - https:\/\/yoast.com\/product\/yoast-seo-wordpress\/ -->\n<title>Conditions g\u00e9n\u00e9rales de vente (CGV) pour services - La cabane WebZeline<\/title>\n<meta name=\"description\" content=\"Les Conditions G\u00e9n\u00e9rales de ventes de La cabane d&#039;AmidZeline r\u00e9gissent vos droits pour nos prestations de services informatiques.\" \/>\n<meta name=\"robots\" content=\"index, follow, max-snippet:-1, max-image-preview:large, max-video-preview:-1\" \/>\n<link rel=\"canonical\" href=\"https:\/\/webzeline.fr\/index.php\/conditions-generales-de-vente-cgv-reglementation-service\/\" \/>\n<meta property=\"og:locale\" content=\"fr_FR\" \/>\n<meta property=\"og:type\" content=\"article\" \/>\n<meta property=\"og:title\" content=\"Conditions g\u00e9n\u00e9rales de vente (CGV) pour services - La cabane WebZeline\" \/>\n<meta property=\"og:description\" content=\"Les Conditions G\u00e9n\u00e9rales de ventes de La cabane d&#039;AmidZeline r\u00e9gissent vos droits pour nos prestations de services informatiques.\" \/>\n<meta property=\"og:url\" content=\"https:\/\/webzeline.fr\/index.php\/conditions-generales-de-vente-cgv-reglementation-service\/\" \/>\n<meta property=\"og:site_name\" content=\"La cabane WebZeline\" \/>\n<meta property=\"article:publisher\" content=\"https:\/\/www.facebook.com\/profile.php?id=61580197792634\" \/>\n<meta property=\"article:modified_time\" content=\"2025-10-28T20:54:42+00:00\" \/>\n<meta name=\"twitter:card\" content=\"summary_large_image\" \/>\n<meta name=\"twitter:label1\" content=\"Dur\u00e9e de lecture estim\u00e9e\" \/>\n\t<meta name=\"twitter:data1\" content=\"3 minutes\" \/>\n<script type=\"application\/ld+json\" class=\"yoast-schema-graph\">{\"@context\":\"https:\/\/schema.org\",\"@graph\":[{\"@type\":\"WebPage\",\"@id\":\"https:\/\/webzeline.fr\/index.php\/conditions-generales-de-vente-cgv-reglementation-service\/\",\"url\":\"https:\/\/webzeline.fr\/index.php\/conditions-generales-de-vente-cgv-reglementation-service\/\",\"name\":\"Conditions g\u00e9n\u00e9rales de vente (CGV) pour services - La cabane WebZeline\",\"isPartOf\":{\"@id\":\"https:\/\/webzeline.fr\/#website\"},\"datePublished\":\"2025-09-01T21:52:55+00:00\",\"dateModified\":\"2025-10-28T20:54:42+00:00\",\"description\":\"Les Conditions G\u00e9n\u00e9rales de ventes de La cabane d'AmidZeline r\u00e9gissent vos droits pour nos prestations de services informatiques.\",\"breadcrumb\":{\"@id\":\"https:\/\/webzeline.fr\/index.php\/conditions-generales-de-vente-cgv-reglementation-service\/#breadcrumb\"},\"inLanguage\":\"fr-FR\",\"potentialAction\":[{\"@type\":\"ReadAction\",\"target\":[\"https:\/\/webzeline.fr\/index.php\/conditions-generales-de-vente-cgv-reglementation-service\/\"]}]},{\"@type\":\"BreadcrumbList\",\"@id\":\"https:\/\/webzeline.fr\/index.php\/conditions-generales-de-vente-cgv-reglementation-service\/#breadcrumb\",\"itemListElement\":[{\"@type\":\"ListItem\",\"position\":1,\"name\":\"Accueil\",\"item\":\"https:\/\/webzeline.fr\/\"},{\"@type\":\"ListItem\",\"position\":2,\"name\":\"Conditions G\u00e9n\u00e9rales de Vente (CGV)\"}]},{\"@type\":\"WebSite\",\"@id\":\"https:\/\/webzeline.fr\/#website\",\"url\":\"https:\/\/webzeline.fr\/\",\"name\":\"La cabane d'AmidZeline\",\"description\":\"Aide et conseil informatique, chez vous et \u00e0 distance !\",\"publisher\":{\"@id\":\"https:\/\/webzeline.fr\/#organization\"},\"alternateName\":\"webzeline\",\"potentialAction\":[{\"@type\":\"SearchAction\",\"target\":{\"@type\":\"EntryPoint\",\"urlTemplate\":\"https:\/\/webzeline.fr\/?s={search_term_string}\"},\"query-input\":{\"@type\":\"PropertyValueSpecification\",\"valueRequired\":true,\"valueName\":\"search_term_string\"}}],\"inLanguage\":\"fr-FR\"},{\"@type\":\"Organization\",\"@id\":\"https:\/\/webzeline.fr\/#organization\",\"name\":\"La cabane d'AmidZeline\",\"alternateName\":\"Webzeline\",\"url\":\"https:\/\/webzeline.fr\/\",\"logo\":{\"@type\":\"ImageObject\",\"inLanguage\":\"fr-FR\",\"@id\":\"https:\/\/webzeline.fr\/#\/schema\/logo\/image\/\",\"url\":\"https:\/\/webzeline.fr\/wp-content\/uploads\/2025\/10\/cropped-2-2.png\",\"contentUrl\":\"https:\/\/webzeline.fr\/wp-content\/uploads\/2025\/10\/cropped-2-2.png\",\"width\":493,\"height\":370,\"caption\":\"La cabane d'AmidZeline\"},\"image\":{\"@id\":\"https:\/\/webzeline.fr\/#\/schema\/logo\/image\/\"},\"sameAs\":[\"https:\/\/www.facebook.com\/profile.php?id=61580197792634\",\"https:\/\/www.linkedin.com\/in\/elodie-destrez-a30b1156\/\",\"https:\/\/www.instagram.com\/amidzeline\/\"]}]}<\/script>\n<!-- \/ Yoast SEO plugin. -->","yoast_head_json":{"title":"Conditions g\u00e9n\u00e9rales de vente (CGV) pour services - La cabane WebZeline","description":"Les Conditions G\u00e9n\u00e9rales de ventes de La cabane d'AmidZeline r\u00e9gissent vos droits pour nos prestations de services informatiques.","robots":{"index":"index","follow":"follow","max-snippet":"max-snippet:-1","max-image-preview":"max-image-preview:large","max-video-preview":"max-video-preview:-1"},"canonical":"https:\/\/webzeline.fr\/index.php\/conditions-generales-de-vente-cgv-reglementation-service\/","og_locale":"fr_FR","og_type":"article","og_title":"Conditions g\u00e9n\u00e9rales de vente (CGV) pour services - La cabane WebZeline","og_description":"Les Conditions G\u00e9n\u00e9rales de ventes de La cabane d'AmidZeline r\u00e9gissent vos droits pour nos prestations de services informatiques.","og_url":"https:\/\/webzeline.fr\/index.php\/conditions-generales-de-vente-cgv-reglementation-service\/","og_site_name":"La cabane WebZeline","article_publisher":"https:\/\/www.facebook.com\/profile.php?id=61580197792634","article_modified_time":"2025-10-28T20:54:42+00:00","twitter_card":"summary_large_image","twitter_misc":{"Dur\u00e9e de lecture estim\u00e9e":"3 minutes"},"schema":{"@context":"https:\/\/schema.org","@graph":[{"@type":"WebPage","@id":"https:\/\/webzeline.fr\/index.php\/conditions-generales-de-vente-cgv-reglementation-service\/","url":"https:\/\/webzeline.fr\/index.php\/conditions-generales-de-vente-cgv-reglementation-service\/","name":"Conditions g\u00e9n\u00e9rales de vente (CGV) pour services - La cabane WebZeline","isPartOf":{"@id":"https:\/\/webzeline.fr\/#website"},"datePublished":"2025-09-01T21:52:55+00:00","dateModified":"2025-10-28T20:54:42+00:00","description":"Les Conditions G\u00e9n\u00e9rales de ventes de La cabane d'AmidZeline r\u00e9gissent vos droits pour nos prestations de services informatiques.","breadcrumb":{"@id":"https:\/\/webzeline.fr\/index.php\/conditions-generales-de-vente-cgv-reglementation-service\/#breadcrumb"},"inLanguage":"fr-FR","potentialAction":[{"@type":"ReadAction","target":["https:\/\/webzeline.fr\/index.php\/conditions-generales-de-vente-cgv-reglementation-service\/"]}]},{"@type":"BreadcrumbList","@id":"https:\/\/webzeline.fr\/index.php\/conditions-generales-de-vente-cgv-reglementation-service\/#breadcrumb","itemListElement":[{"@type":"ListItem","position":1,"name":"Accueil","item":"https:\/\/webzeline.fr\/"},{"@type":"ListItem","position":2,"name":"Conditions G\u00e9n\u00e9rales de Vente (CGV)"}]},{"@type":"WebSite","@id":"https:\/\/webzeline.fr\/#website","url":"https:\/\/webzeline.fr\/","name":"La cabane d'AmidZeline","description":"Aide et conseil informatique, chez vous et \u00e0 distance !","publisher":{"@id":"https:\/\/webzeline.fr\/#organization"},"alternateName":"webzeline","potentialAction":[{"@type":"SearchAction","target":{"@type":"EntryPoint","urlTemplate":"https:\/\/webzeline.fr\/?s={search_term_string}"},"query-input":{"@type":"PropertyValueSpecification","valueRequired":true,"valueName":"search_term_string"}}],"inLanguage":"fr-FR"},{"@type":"Organization","@id":"https:\/\/webzeline.fr\/#organization","name":"La cabane d'AmidZeline","alternateName":"Webzeline","url":"https:\/\/webzeline.fr\/","logo":{"@type":"ImageObject","inLanguage":"fr-FR","@id":"https:\/\/webzeline.fr\/#\/schema\/logo\/image\/","url":"https:\/\/webzeline.fr\/wp-content\/uploads\/2025\/10\/cropped-2-2.png","contentUrl":"https:\/\/webzeline.fr\/wp-content\/uploads\/2025\/10\/cropped-2-2.png","width":493,"height":370,"caption":"La cabane d'AmidZeline"},"image":{"@id":"https:\/\/webzeline.fr\/#\/schema\/logo\/image\/"},"sameAs":["https:\/\/www.facebook.com\/profile.php?id=61580197792634","https:\/\/www.linkedin.com\/in\/elodie-destrez-a30b1156\/","https:\/\/www.instagram.com\/amidzeline\/"]}]}},"uagb_featured_image_src":{"full":false,"thumbnail":false,"medium":false,"medium_large":false,"large":false,"1536x1536":false,"2048x2048":false},"uagb_author_info":{"display_name":"Elodie DESTREZ","author_link":"https:\/\/webzeline.fr\/index.php\/author\/amidzeline\/"},"uagb_comment_info":0,"uagb_excerpt":"Conditions G\u00e9n\u00e9rales de Vente (CGV) 1. Identification de l\u2019entreprise 2. Objet des CGV Les pr\u00e9sentes conditions g\u00e9n\u00e9rales d\u00e9finissent les droits et obligations des parties dans le cadre de la vente de prestations de services informatiques, d\u2019aide administrative, de micro-formations, ainsi que de prestations de conseil en achat de mat\u00e9riel informatique, propos\u00e9es par La Cabane WebZeline.\u2026","_links":{"self":[{"href":"https:\/\/webzeline.fr\/index.php\/wp-json\/wp\/v2\/pages\/609","targetHints":{"allow":["GET"]}}],"collection":[{"href":"https:\/\/webzeline.fr\/index.php\/wp-json\/wp\/v2\/pages"}],"about":[{"href":"https:\/\/webzeline.fr\/index.php\/wp-json\/wp\/v2\/types\/page"}],"author":[{"embeddable":true,"href":"https:\/\/webzeline.fr\/index.php\/wp-json\/wp\/v2\/users\/2"}],"replies":[{"embeddable":true,"href":"https:\/\/webzeline.fr\/index.php\/wp-json\/wp\/v2\/comments?post=609"}],"version-history":[{"count":9,"href":"https:\/\/webzeline.fr\/index.php\/wp-json\/wp\/v2\/pages\/609\/revisions"}],"predecessor-version":[{"id":1472,"href":"https:\/\/webzeline.fr\/index.php\/wp-json\/wp\/v2\/pages\/609\/revisions\/1472"}],"wp:attachment":[{"href":"https:\/\/webzeline.fr\/index.php\/wp-json\/wp\/v2\/media?parent=609"}],"curies":[{"name":"wp","href":"https:\/\/api.w.org\/{rel}","templated":true}]}}